{"id":6385,"date":"2026-04-14T19:27:25","date_gmt":"2026-04-14T19:27:25","guid":{"rendered":"https:\/\/motodepo.ee\/shop\/maaratlemata\/volvo-d4204t\/"},"modified":"2026-04-14T19:32:34","modified_gmt":"2026-04-14T19:32:34","slug":"volvo-d4204t","status":"publish","type":"product","link":"https:\/\/motodepo.ee\/et\/shop\/mootorid\/volvo-d4204t\/","title":{"rendered":"Volvo D4204T"},"content":{"rendered":"<p data-start=\"0\" data-end=\"195\">Pakume professionaalselt taastatud <strong data-start=\"35\" data-end=\"84\">Volvo VEA Drive-E D4204Txx 2.0 diiselmootorit<\/strong>. Mootor on t\u00e4ielikult lahti v\u00f5etud, hoolikalt \u00fcle kontrollitud ning taastatud kasutades kvaliteetseid varuosi.<\/p>\n<p data-start=\"197\" data-end=\"219\">\ud83d\udd27 <strong data-start=\"200\" data-end=\"219\">Teostatud t\u00f6\u00f6d:<\/strong><\/p>\n<p data-start=\"221\" data-end=\"505\">\u2022 Mootori t\u00e4ielik lahtiv\u00f5tmine ja kapitaalremont<br data-start=\"269\" data-end=\"272\" \/>\u2022 Silindriploki ja silindripea kontroll ja taastamine<br data-start=\"325\" data-end=\"328\" \/>\u2022 Hammasrihma\/keti komponentide vahetus (s\u00f5ltuvalt versioonist)<br data-start=\"391\" data-end=\"394\" \/>\u2022 K\u00f5ikide kulunud ja defektsete osade vahetus<br data-start=\"439\" data-end=\"442\" \/>\u2022 L\u00f5plik koostamine ja p\u00f5hjalik kvaliteedikontroll enne m\u00fc\u00fcki<\/p>\n<p data-start=\"507\" data-end=\"543\">\ud83d\ude97 <strong data-start=\"510\" data-end=\"543\">Sobib j\u00e4rgmistele mudelitele:<\/strong><\/p>\n<p data-start=\"545\" data-end=\"601\">\u2022 Volvo V40<br data-start=\"556\" data-end=\"559\" \/>\u2022 Volvo S60<br data-start=\"570\" data-end=\"573\" \/>\u2022 Volvo V60<br data-start=\"584\" data-end=\"587\" \/>\u2022 Volvo XC60<\/p>\n<p data-start=\"603\" data-end=\"659\">\u2714\ufe0f Palun kontrollige sobivust VIN-koodi j\u00e4rgi enne ostu.<\/p>\n<p data-start=\"661\" data-end=\"913\">\u2705 <strong data-start=\"663\" data-end=\"677\">Seisukord:<\/strong> suurep\u00e4rane, t\u00e4ielikult paigaldusvalmis<br data-start=\"717\" data-end=\"720\" \/>\ud83d\udcc4 <strong data-start=\"723\" data-end=\"736\">Garantii:<\/strong> olemas (tingimused kokkuleppel eraldi)<br data-start=\"775\" data-end=\"778\" \/>\ud83d\ude99 <strong data-start=\"781\" data-end=\"795\">\u00dchilduvus:<\/strong> Volvo s\u00f5idukid, mis on varustatud D4204T 2.0 diiselmootoriga (erinevad versioonid \u2014 palun t\u00e4psustada VIN-koodi j\u00e4rgi)<\/p>\n<p data-start=\"915\" data-end=\"1054\" data-is-last-node=\"\" data-is-only-node=\"\">\ud83d\udce6 <strong data-start=\"918\" data-end=\"940\">Kohaletoimetamine:<\/strong> saadaval transpordifirmade kaudu<br data-start=\"973\" data-end=\"976\" \/>\ud83d\udcac <strong data-start=\"979\" data-end=\"996\">Lisateenused:<\/strong> paigaldus v\u00f5imalik, fotod ja videod saadaval soovi korral<\/p>\n","protected":false},"excerpt":{"rendered":"<p>Pakume professionaalselt taastatud Volvo VEA Drive-E D4204Txx 2.0 diiselmootorit. Mootor on t\u00e4ielikult lahti v\u00f5etud, hoolikalt \u00fcle kontrollitud ning taastatud kasutades&#8230;<\/p>\n","protected":false},"featured_media":6379,"template":"","meta":[],"product_brand":[1190],"product_cat":[779],"product_tag":[],"class_list":{"0":"post-6385","1":"product","2":"type-product","3":"status-publish","4":"has-post-thumbnail","6":"product_brand-volvo","7":"product_cat-mootorid","9":"first","10":"instock","11":"taxable","12":"shipping-taxable","13":"purchasable","14":"product-type-variable"},"yoast_head":"<!-- This site is optimized with the Yoast SEO plugin v24.6 - https:\/\/yoast.com\/wordpress\/plugins\/seo\/ -->\n<title>Taastatud Volvo D4204T 2.0 diiselmootor m\u00fc\u00fcgiks \u2013 garantii ja tarne<\/title>\n<meta name=\"description\" content=\"Professionaalselt taastatud Volvo D4204Txx 2.0 diiselmootor. T\u00e4ielikult kapitaalremonditud, testitud ja paigaldusvalmis. Garantii, tarne ja paigaldusv\u00f5imalus. Sobib Volvo V40, S60, V60, XC60 mudelitele.\" \/>\n<meta name=\"robots\" content=\"index, follow, max-snippet:-1, max-image-preview:large, max-video-preview:-1\" \/>\n<link rel=\"canonical\" href=\"https:\/\/motodepo.ee\/et\/shop\/mootorid\/volvo-d4204t\/\" \/>\n<meta property=\"og:locale\" content=\"et_EE\" \/>\n<meta property=\"og:type\" content=\"article\" \/>\n<meta property=\"og:title\" content=\"Taastatud Volvo D4204T 2.0 diiselmootor m\u00fc\u00fcgiks \u2013 garantii ja tarne\" \/>\n<meta property=\"og:description\" content=\"Professionaalselt taastatud Volvo D4204Txx 2.0 diiselmootor. T\u00e4ielikult kapitaalremonditud, testitud ja paigaldusvalmis. Garantii, tarne ja paigaldusv\u00f5imalus. Sobib Volvo V40, S60, V60, XC60 mudelitele.\" \/>\n<meta property=\"og:url\" content=\"https:\/\/motodepo.ee\/et\/shop\/mootorid\/volvo-d4204t\/\" \/>\n<meta property=\"og:site_name\" content=\"Motodepo - Mootoripood\" \/>\n<meta property=\"article:modified_time\" content=\"2026-04-14T19:32:34+00:00\" \/>\n<meta property=\"og:image\" content=\"https:\/\/motodepo.ee\/wp-content\/uploads\/2026\/04\/image0-10.jpeg\" \/>\n\t<meta property=\"og:image:width\" content=\"1262\" \/>\n\t<meta property=\"og:image:height\" content=\"1600\" \/>\n\t<meta property=\"og:image:type\" content=\"image\/jpeg\" \/>\n<meta name=\"twitter:card\" content=\"summary_large_image\" \/>\n<meta name=\"twitter:label1\" content=\"Est. reading time\" \/>\n\t<meta name=\"twitter:data1\" content=\"1 minut\" \/>\n<script type=\"application\/ld+json\" class=\"yoast-schema-graph\">{\"@context\":\"https:\/\/schema.org\",\"@graph\":[{\"@type\":\"WebPage\",\"@id\":\"https:\/\/motodepo.ee\/et\/shop\/mootorid\/volvo-d4204t\/\",\"url\":\"https:\/\/motodepo.ee\/et\/shop\/mootorid\/volvo-d4204t\/\",\"name\":\"Taastatud Volvo D4204T 2.0 diiselmootor m\u00fc\u00fcgiks \u2013 garantii ja tarne\",\"isPartOf\":{\"@id\":\"https:\/\/motodepo.ee\/#website\"},\"primaryImageOfPage\":{\"@id\":\"https:\/\/motodepo.ee\/et\/shop\/mootorid\/volvo-d4204t\/#primaryimage\"},\"image\":{\"@id\":\"https:\/\/motodepo.ee\/et\/shop\/mootorid\/volvo-d4204t\/#primaryimage\"},\"thumbnailUrl\":\"https:\/\/motodepo.ee\/wp-content\/uploads\/2026\/04\/image0-10.jpeg\",\"datePublished\":\"2026-04-14T19:27:25+00:00\",\"dateModified\":\"2026-04-14T19:32:34+00:00\",\"description\":\"Professionaalselt taastatud Volvo D4204Txx 2.0 diiselmootor. T\u00e4ielikult kapitaalremonditud, testitud ja paigaldusvalmis. Garantii, tarne ja paigaldusv\u00f5imalus. Sobib Volvo V40, S60, V60, XC60 mudelitele.\",\"breadcrumb\":{\"@id\":\"https:\/\/motodepo.ee\/et\/shop\/mootorid\/volvo-d4204t\/#breadcrumb\"},\"inLanguage\":\"et\",\"potentialAction\":[{\"@type\":\"ReadAction\",\"target\":[\"https:\/\/motodepo.ee\/et\/shop\/mootorid\/volvo-d4204t\/\"]}]},{\"@type\":\"ImageObject\",\"inLanguage\":\"et\",\"@id\":\"https:\/\/motodepo.ee\/et\/shop\/mootorid\/volvo-d4204t\/#primaryimage\",\"url\":\"https:\/\/motodepo.ee\/wp-content\/uploads\/2026\/04\/image0-10.jpeg\",\"contentUrl\":\"https:\/\/motodepo.ee\/wp-content\/uploads\/2026\/04\/image0-10.jpeg\",\"width\":1262,\"height\":1600},{\"@type\":\"BreadcrumbList\",\"@id\":\"https:\/\/motodepo.ee\/et\/shop\/mootorid\/volvo-d4204t\/#breadcrumb\",\"itemListElement\":[{\"@type\":\"ListItem\",\"position\":1,\"name\":\"Home\",\"item\":\"https:\/\/motodepo.ee\/et\/\"},{\"@type\":\"ListItem\",\"position\":2,\"name\":\"Kataloog\",\"item\":\"https:\/\/motodepo.ee\/et\/shop\/\"},{\"@type\":\"ListItem\",\"position\":3,\"name\":\"Volvo D4204T\"}]},{\"@type\":\"WebSite\",\"@id\":\"https:\/\/motodepo.ee\/#website\",\"url\":\"https:\/\/motodepo.ee\/\",\"name\":\"Motodepo - Mootoripood\",\"description\":\"\",\"potentialAction\":[{\"@type\":\"SearchAction\",\"target\":{\"@type\":\"EntryPoint\",\"urlTemplate\":\"https:\/\/motodepo.ee\/?s={search_term_string}\"},\"query-input\":{\"@type\":\"PropertyValueSpecification\",\"valueRequired\":true,\"valueName\":\"search_term_string\"}}],\"inLanguage\":\"et\"}]}<\/script>\n<!-- \/ Yoast SEO plugin. -->","yoast_head_json":{"title":"Taastatud Volvo D4204T 2.0 diiselmootor m\u00fc\u00fcgiks \u2013 garantii ja tarne","description":"Professionaalselt taastatud Volvo D4204Txx 2.0 diiselmootor. T\u00e4ielikult kapitaalremonditud, testitud ja paigaldusvalmis. Garantii, tarne ja paigaldusv\u00f5imalus. Sobib Volvo V40, S60, V60, XC60 mudelitele.","robots":{"index":"index","follow":"follow","max-snippet":"max-snippet:-1","max-image-preview":"max-image-preview:large","max-video-preview":"max-video-preview:-1"},"canonical":"https:\/\/motodepo.ee\/et\/shop\/mootorid\/volvo-d4204t\/","og_locale":"et_EE","og_type":"article","og_title":"Taastatud Volvo D4204T 2.0 diiselmootor m\u00fc\u00fcgiks \u2013 garantii ja tarne","og_description":"Professionaalselt taastatud Volvo D4204Txx 2.0 diiselmootor. T\u00e4ielikult kapitaalremonditud, testitud ja paigaldusvalmis. Garantii, tarne ja paigaldusv\u00f5imalus. Sobib Volvo V40, S60, V60, XC60 mudelitele.","og_url":"https:\/\/motodepo.ee\/et\/shop\/mootorid\/volvo-d4204t\/","og_site_name":"Motodepo - Mootoripood","article_modified_time":"2026-04-14T19:32:34+00:00","og_image":[{"width":1262,"height":1600,"url":"https:\/\/motodepo.ee\/wp-content\/uploads\/2026\/04\/image0-10.jpeg","type":"image\/jpeg"}],"twitter_card":"summary_large_image","twitter_misc":{"Est. reading time":"1 minut"},"schema":{"@context":"https:\/\/schema.org","@graph":[{"@type":"WebPage","@id":"https:\/\/motodepo.ee\/et\/shop\/mootorid\/volvo-d4204t\/","url":"https:\/\/motodepo.ee\/et\/shop\/mootorid\/volvo-d4204t\/","name":"Taastatud Volvo D4204T 2.0 diiselmootor m\u00fc\u00fcgiks \u2013 garantii ja tarne","isPartOf":{"@id":"https:\/\/motodepo.ee\/#website"},"primaryImageOfPage":{"@id":"https:\/\/motodepo.ee\/et\/shop\/mootorid\/volvo-d4204t\/#primaryimage"},"image":{"@id":"https:\/\/motodepo.ee\/et\/shop\/mootorid\/volvo-d4204t\/#primaryimage"},"thumbnailUrl":"https:\/\/motodepo.ee\/wp-content\/uploads\/2026\/04\/image0-10.jpeg","datePublished":"2026-04-14T19:27:25+00:00","dateModified":"2026-04-14T19:32:34+00:00","description":"Professionaalselt taastatud Volvo D4204Txx 2.0 diiselmootor. T\u00e4ielikult kapitaalremonditud, testitud ja paigaldusvalmis. Garantii, tarne ja paigaldusv\u00f5imalus. Sobib Volvo V40, S60, V60, XC60 mudelitele.","breadcrumb":{"@id":"https:\/\/motodepo.ee\/et\/shop\/mootorid\/volvo-d4204t\/#breadcrumb"},"inLanguage":"et","potentialAction":[{"@type":"ReadAction","target":["https:\/\/motodepo.ee\/et\/shop\/mootorid\/volvo-d4204t\/"]}]},{"@type":"ImageObject","inLanguage":"et","@id":"https:\/\/motodepo.ee\/et\/shop\/mootorid\/volvo-d4204t\/#primaryimage","url":"https:\/\/motodepo.ee\/wp-content\/uploads\/2026\/04\/image0-10.jpeg","contentUrl":"https:\/\/motodepo.ee\/wp-content\/uploads\/2026\/04\/image0-10.jpeg","width":1262,"height":1600},{"@type":"BreadcrumbList","@id":"https:\/\/motodepo.ee\/et\/shop\/mootorid\/volvo-d4204t\/#breadcrumb","itemListElement":[{"@type":"ListItem","position":1,"name":"Home","item":"https:\/\/motodepo.ee\/et\/"},{"@type":"ListItem","position":2,"name":"Kataloog","item":"https:\/\/motodepo.ee\/et\/shop\/"},{"@type":"ListItem","position":3,"name":"Volvo D4204T"}]},{"@type":"WebSite","@id":"https:\/\/motodepo.ee\/#website","url":"https:\/\/motodepo.ee\/","name":"Motodepo - Mootoripood","description":"","potentialAction":[{"@type":"SearchAction","target":{"@type":"EntryPoint","urlTemplate":"https:\/\/motodepo.ee\/?s={search_term_string}"},"query-input":{"@type":"PropertyValueSpecification","valueRequired":true,"valueName":"search_term_string"}}],"inLanguage":"et"}]}},"_links":{"self":[{"href":"https:\/\/motodepo.ee\/et\/wp-json\/wp\/v2\/product\/6385","targetHints":{"allow":["GET"]}}],"collection":[{"href":"https:\/\/motodepo.ee\/et\/wp-json\/wp\/v2\/product"}],"about":[{"href":"https:\/\/motodepo.ee\/et\/wp-json\/wp\/v2\/types\/product"}],"version-history":[{"count":2,"href":"https:\/\/motodepo.ee\/et\/wp-json\/wp\/v2\/product\/6385\/revisions"}],"predecessor-version":[{"id":6391,"href":"https:\/\/motodepo.ee\/et\/wp-json\/wp\/v2\/product\/6385\/revisions\/6391"}],"wp:featuredmedia":[{"embeddable":true,"href":"https:\/\/motodepo.ee\/et\/wp-json\/wp\/v2\/media\/6379"}],"wp:attachment":[{"href":"https:\/\/motodepo.ee\/et\/wp-json\/wp\/v2\/media?parent=6385"}],"wp:term":[{"taxonomy":"product_brand","embeddable":true,"href":"https:\/\/motodepo.ee\/et\/wp-json\/wp\/v2\/product_brand?post=6385"},{"taxonomy":"product_cat","embeddable":true,"href":"https:\/\/motodepo.ee\/et\/wp-json\/wp\/v2\/product_cat?post=6385"},{"taxonomy":"product_tag","embeddable":true,"href":"https:\/\/motodepo.ee\/et\/wp-json\/wp\/v2\/product_tag?post=6385"}],"curies":[{"name":"wp","href":"https:\/\/api.w.org\/{rel}","templated":true}]}}