{"id":6142,"date":"2025-07-04T11:39:55","date_gmt":"2025-07-04T11:39:55","guid":{"rendered":"https:\/\/motodepo.ee\/?post_type=product&#038;p=6142"},"modified":"2025-07-07T09:08:39","modified_gmt":"2025-07-07T09:08:39","slug":"b57d30a-on-30-liitrine-kuues-reavahega-diiselmootor-%d0%ba%d0%be%d0%bf%d0%b8%d1%80%d0%be%d0%b2%d0%b0%d1%82%d1%8c","status":"publish","type":"product","link":"https:\/\/motodepo.ee\/et\/shop\/mootorid\/b57d30a-on-30-liitrine-kuues-reavahega-diiselmootor-%d0%ba%d0%be%d0%bf%d0%b8%d1%80%d0%be%d0%b2%d0%b0%d1%82%d1%8c\/","title":{"rendered":"BMW N47C16A diiselmootor"},"content":{"rendered":"<p>BMW N47C16A diiselmootor on t\u00e4ielikult taastatud vastavalt algsetele tehase spetsifikatsioonidele maksimaalse j\u00f5udluse ja vastupidavuse tagamiseks. \u00dchildub BMW 1. seeria (E81, E87), 3. seeria (E90, E91) ja teiste 1.6L N47 mootorit kasutavate mudelitega. Ideaalne kulunud mootorite asendamiseks 2009.\u20132014. aasta s\u00f5idukites.<\/p>\n","protected":false},"excerpt":{"rendered":"<p>BMW N47C16A diiselmootor on t\u00e4ielikult taastatud vastavalt algsetele tehase spetsifikatsioonidele maksimaalse j\u00f5udluse ja vastupidavuse tagamiseks. \u00dchildub BMW 1. seeria (E81,&#8230;<\/p>\n","protected":false},"featured_media":6145,"template":"","meta":[],"product_brand":[981,1067],"product_cat":[779],"product_tag":[984,985],"class_list":{"0":"post-6142","1":"product","2":"type-product","3":"status-publish","4":"has-post-thumbnail","6":"product_brand-bmw","7":"product_brand-om642","8":"product_cat-mootorid","9":"product_tag-bmw-et","10":"product_tag-rebuilt-engine-et","11":"pa_car-model-1-seeria","12":"pa_car-model-1-6l-n47-et","13":"pa_car-model-3ser-et","14":"pa_car-modification-bmw-2009-2014","16":"first","17":"instock","18":"taxable","19":"shipping-taxable","20":"purchasable","21":"product-type-simple"},"yoast_head":"<!-- This site is optimized with the Yoast SEO plugin v24.6 - https:\/\/yoast.com\/wordpress\/plugins\/seo\/ -->\n<title>Taastatud BMW N47C16A 1.6L diiselmootor | sobib 1. ja 3. seeriale<\/title>\n<meta name=\"description\" content=\"Taastatud BMW N47C16A 1.6L diiselmootor, t\u00e4ielikult kapitaalremonditud 1. seeria (E81, E87), 3. seeria (E90, E91) ja teiste mudelite jaoks. Ideaalne asendus 2009.\u20132014. aasta mudelitele.\" \/>\n<meta name=\"robots\" content=\"index, follow, max-snippet:-1, max-image-preview:large, max-video-preview:-1\" \/>\n<link rel=\"canonical\" href=\"https:\/\/motodepo.ee\/et\/shop\/mootorid\/b57d30a-on-30-liitrine-kuues-reavahega-diiselmootor-\u043a\u043e\u043f\u0438\u0440\u043e\u0432\u0430\u0442\u044c\/\" \/>\n<meta property=\"og:locale\" content=\"et_EE\" \/>\n<meta property=\"og:type\" content=\"article\" \/>\n<meta property=\"og:title\" content=\"Taastatud BMW N47C16A 1.6L diiselmootor | sobib 1. ja 3. seeriale\" \/>\n<meta property=\"og:description\" content=\"Taastatud BMW N47C16A 1.6L diiselmootor, t\u00e4ielikult kapitaalremonditud 1. seeria (E81, E87), 3. seeria (E90, E91) ja teiste mudelite jaoks. Ideaalne asendus 2009.\u20132014. aasta mudelitele.\" \/>\n<meta property=\"og:url\" content=\"https:\/\/motodepo.ee\/et\/shop\/mootorid\/b57d30a-on-30-liitrine-kuues-reavahega-diiselmootor-\u043a\u043e\u043f\u0438\u0440\u043e\u0432\u0430\u0442\u044c\/\" \/>\n<meta property=\"og:site_name\" content=\"Motodepo - Mootoripood\" \/>\n<meta property=\"article:modified_time\" content=\"2025-07-07T09:08:39+00:00\" \/>\n<meta property=\"og:image\" content=\"https:\/\/motodepo.ee\/wp-content\/uploads\/2025\/07\/\u0438\u0437\u043e\u0431\u0440\u0430\u0436\u0435\u043d\u0438\u0435_viber_2025-06-10_13-38-33-297-scaled.jpg\" \/>\n\t<meta property=\"og:image:width\" content=\"1909\" \/>\n\t<meta property=\"og:image:height\" content=\"2560\" \/>\n\t<meta property=\"og:image:type\" content=\"image\/jpeg\" \/>\n<meta name=\"twitter:card\" content=\"summary_large_image\" \/>\n<script type=\"application\/ld+json\" class=\"yoast-schema-graph\">{\"@context\":\"https:\/\/schema.org\",\"@graph\":[{\"@type\":\"WebPage\",\"@id\":\"https:\/\/motodepo.ee\/et\/shop\/mootorid\/b57d30a-on-30-liitrine-kuues-reavahega-diiselmootor-%d0%ba%d0%be%d0%bf%d0%b8%d1%80%d0%be%d0%b2%d0%b0%d1%82%d1%8c\/\",\"url\":\"https:\/\/motodepo.ee\/et\/shop\/mootorid\/b57d30a-on-30-liitrine-kuues-reavahega-diiselmootor-%d0%ba%d0%be%d0%bf%d0%b8%d1%80%d0%be%d0%b2%d0%b0%d1%82%d1%8c\/\",\"name\":\"Taastatud BMW N47C16A 1.6L diiselmootor | sobib 1. ja 3. seeriale\",\"isPartOf\":{\"@id\":\"https:\/\/motodepo.ee\/#website\"},\"primaryImageOfPage\":{\"@id\":\"https:\/\/motodepo.ee\/et\/shop\/mootorid\/b57d30a-on-30-liitrine-kuues-reavahega-diiselmootor-%d0%ba%d0%be%d0%bf%d0%b8%d1%80%d0%be%d0%b2%d0%b0%d1%82%d1%8c\/#primaryimage\"},\"image\":{\"@id\":\"https:\/\/motodepo.ee\/et\/shop\/mootorid\/b57d30a-on-30-liitrine-kuues-reavahega-diiselmootor-%d0%ba%d0%be%d0%bf%d0%b8%d1%80%d0%be%d0%b2%d0%b0%d1%82%d1%8c\/#primaryimage\"},\"thumbnailUrl\":\"https:\/\/motodepo.ee\/wp-content\/uploads\/2025\/07\/\u0438\u0437\u043e\u0431\u0440\u0430\u0436\u0435\u043d\u0438\u0435_viber_2025-06-10_13-38-33-297-scaled.jpg\",\"datePublished\":\"2025-07-04T11:39:55+00:00\",\"dateModified\":\"2025-07-07T09:08:39+00:00\",\"description\":\"Taastatud BMW N47C16A 1.6L diiselmootor, t\u00e4ielikult kapitaalremonditud 1. seeria (E81, E87), 3. seeria (E90, E91) ja teiste mudelite jaoks. Ideaalne asendus 2009.\u20132014. aasta mudelitele.\",\"breadcrumb\":{\"@id\":\"https:\/\/motodepo.ee\/et\/shop\/mootorid\/b57d30a-on-30-liitrine-kuues-reavahega-diiselmootor-%d0%ba%d0%be%d0%bf%d0%b8%d1%80%d0%be%d0%b2%d0%b0%d1%82%d1%8c\/#breadcrumb\"},\"inLanguage\":\"et\",\"potentialAction\":[{\"@type\":\"ReadAction\",\"target\":[\"https:\/\/motodepo.ee\/et\/shop\/mootorid\/b57d30a-on-30-liitrine-kuues-reavahega-diiselmootor-%d0%ba%d0%be%d0%bf%d0%b8%d1%80%d0%be%d0%b2%d0%b0%d1%82%d1%8c\/\"]}]},{\"@type\":\"ImageObject\",\"inLanguage\":\"et\",\"@id\":\"https:\/\/motodepo.ee\/et\/shop\/mootorid\/b57d30a-on-30-liitrine-kuues-reavahega-diiselmootor-%d0%ba%d0%be%d0%bf%d0%b8%d1%80%d0%be%d0%b2%d0%b0%d1%82%d1%8c\/#primaryimage\",\"url\":\"https:\/\/motodepo.ee\/wp-content\/uploads\/2025\/07\/\u0438\u0437\u043e\u0431\u0440\u0430\u0436\u0435\u043d\u0438\u0435_viber_2025-06-10_13-38-33-297-scaled.jpg\",\"contentUrl\":\"https:\/\/motodepo.ee\/wp-content\/uploads\/2025\/07\/\u0438\u0437\u043e\u0431\u0440\u0430\u0436\u0435\u043d\u0438\u0435_viber_2025-06-10_13-38-33-297-scaled.jpg\",\"width\":1909,\"height\":2560},{\"@type\":\"BreadcrumbList\",\"@id\":\"https:\/\/motodepo.ee\/et\/shop\/mootorid\/b57d30a-on-30-liitrine-kuues-reavahega-diiselmootor-%d0%ba%d0%be%d0%bf%d0%b8%d1%80%d0%be%d0%b2%d0%b0%d1%82%d1%8c\/#breadcrumb\",\"itemListElement\":[{\"@type\":\"ListItem\",\"position\":1,\"name\":\"Home\",\"item\":\"https:\/\/motodepo.ee\/et\/\"},{\"@type\":\"ListItem\",\"position\":2,\"name\":\"Kataloog\",\"item\":\"https:\/\/motodepo.ee\/et\/shop\/\"},{\"@type\":\"ListItem\",\"position\":3,\"name\":\"BMW N47C16A diiselmootor\"}]},{\"@type\":\"WebSite\",\"@id\":\"https:\/\/motodepo.ee\/#website\",\"url\":\"https:\/\/motodepo.ee\/\",\"name\":\"Motodepo - Mootoripood\",\"description\":\"\",\"potentialAction\":[{\"@type\":\"SearchAction\",\"target\":{\"@type\":\"EntryPoint\",\"urlTemplate\":\"https:\/\/motodepo.ee\/?s={search_term_string}\"},\"query-input\":{\"@type\":\"PropertyValueSpecification\",\"valueRequired\":true,\"valueName\":\"search_term_string\"}}],\"inLanguage\":\"et\"}]}<\/script>\n<!-- \/ Yoast SEO plugin. -->","yoast_head_json":{"title":"Taastatud BMW N47C16A 1.6L diiselmootor | sobib 1. ja 3. seeriale","description":"Taastatud BMW N47C16A 1.6L diiselmootor, t\u00e4ielikult kapitaalremonditud 1. seeria (E81, E87), 3. seeria (E90, E91) ja teiste mudelite jaoks. Ideaalne asendus 2009.\u20132014. aasta mudelitele.","robots":{"index":"index","follow":"follow","max-snippet":"max-snippet:-1","max-image-preview":"max-image-preview:large","max-video-preview":"max-video-preview:-1"},"canonical":"https:\/\/motodepo.ee\/et\/shop\/mootorid\/b57d30a-on-30-liitrine-kuues-reavahega-diiselmootor-\u043a\u043e\u043f\u0438\u0440\u043e\u0432\u0430\u0442\u044c\/","og_locale":"et_EE","og_type":"article","og_title":"Taastatud BMW N47C16A 1.6L diiselmootor | sobib 1. ja 3. seeriale","og_description":"Taastatud BMW N47C16A 1.6L diiselmootor, t\u00e4ielikult kapitaalremonditud 1. seeria (E81, E87), 3. seeria (E90, E91) ja teiste mudelite jaoks. Ideaalne asendus 2009.\u20132014. aasta mudelitele.","og_url":"https:\/\/motodepo.ee\/et\/shop\/mootorid\/b57d30a-on-30-liitrine-kuues-reavahega-diiselmootor-\u043a\u043e\u043f\u0438\u0440\u043e\u0432\u0430\u0442\u044c\/","og_site_name":"Motodepo - Mootoripood","article_modified_time":"2025-07-07T09:08:39+00:00","og_image":[{"width":1909,"height":2560,"url":"https:\/\/motodepo.ee\/wp-content\/uploads\/2025\/07\/\u0438\u0437\u043e\u0431\u0440\u0430\u0436\u0435\u043d\u0438\u0435_viber_2025-06-10_13-38-33-297-scaled.jpg","type":"image\/jpeg"}],"twitter_card":"summary_large_image","schema":{"@context":"https:\/\/schema.org","@graph":[{"@type":"WebPage","@id":"https:\/\/motodepo.ee\/et\/shop\/mootorid\/b57d30a-on-30-liitrine-kuues-reavahega-diiselmootor-%d0%ba%d0%be%d0%bf%d0%b8%d1%80%d0%be%d0%b2%d0%b0%d1%82%d1%8c\/","url":"https:\/\/motodepo.ee\/et\/shop\/mootorid\/b57d30a-on-30-liitrine-kuues-reavahega-diiselmootor-%d0%ba%d0%be%d0%bf%d0%b8%d1%80%d0%be%d0%b2%d0%b0%d1%82%d1%8c\/","name":"Taastatud BMW N47C16A 1.6L diiselmootor | sobib 1. ja 3. seeriale","isPartOf":{"@id":"https:\/\/motodepo.ee\/#website"},"primaryImageOfPage":{"@id":"https:\/\/motodepo.ee\/et\/shop\/mootorid\/b57d30a-on-30-liitrine-kuues-reavahega-diiselmootor-%d0%ba%d0%be%d0%bf%d0%b8%d1%80%d0%be%d0%b2%d0%b0%d1%82%d1%8c\/#primaryimage"},"image":{"@id":"https:\/\/motodepo.ee\/et\/shop\/mootorid\/b57d30a-on-30-liitrine-kuues-reavahega-diiselmootor-%d0%ba%d0%be%d0%bf%d0%b8%d1%80%d0%be%d0%b2%d0%b0%d1%82%d1%8c\/#primaryimage"},"thumbnailUrl":"https:\/\/motodepo.ee\/wp-content\/uploads\/2025\/07\/\u0438\u0437\u043e\u0431\u0440\u0430\u0436\u0435\u043d\u0438\u0435_viber_2025-06-10_13-38-33-297-scaled.jpg","datePublished":"2025-07-04T11:39:55+00:00","dateModified":"2025-07-07T09:08:39+00:00","description":"Taastatud BMW N47C16A 1.6L diiselmootor, t\u00e4ielikult kapitaalremonditud 1. seeria (E81, E87), 3. seeria (E90, E91) ja teiste mudelite jaoks. Ideaalne asendus 2009.\u20132014. aasta mudelitele.","breadcrumb":{"@id":"https:\/\/motodepo.ee\/et\/shop\/mootorid\/b57d30a-on-30-liitrine-kuues-reavahega-diiselmootor-%d0%ba%d0%be%d0%bf%d0%b8%d1%80%d0%be%d0%b2%d0%b0%d1%82%d1%8c\/#breadcrumb"},"inLanguage":"et","potentialAction":[{"@type":"ReadAction","target":["https:\/\/motodepo.ee\/et\/shop\/mootorid\/b57d30a-on-30-liitrine-kuues-reavahega-diiselmootor-%d0%ba%d0%be%d0%bf%d0%b8%d1%80%d0%be%d0%b2%d0%b0%d1%82%d1%8c\/"]}]},{"@type":"ImageObject","inLanguage":"et","@id":"https:\/\/motodepo.ee\/et\/shop\/mootorid\/b57d30a-on-30-liitrine-kuues-reavahega-diiselmootor-%d0%ba%d0%be%d0%bf%d0%b8%d1%80%d0%be%d0%b2%d0%b0%d1%82%d1%8c\/#primaryimage","url":"https:\/\/motodepo.ee\/wp-content\/uploads\/2025\/07\/\u0438\u0437\u043e\u0431\u0440\u0430\u0436\u0435\u043d\u0438\u0435_viber_2025-06-10_13-38-33-297-scaled.jpg","contentUrl":"https:\/\/motodepo.ee\/wp-content\/uploads\/2025\/07\/\u0438\u0437\u043e\u0431\u0440\u0430\u0436\u0435\u043d\u0438\u0435_viber_2025-06-10_13-38-33-297-scaled.jpg","width":1909,"height":2560},{"@type":"BreadcrumbList","@id":"https:\/\/motodepo.ee\/et\/shop\/mootorid\/b57d30a-on-30-liitrine-kuues-reavahega-diiselmootor-%d0%ba%d0%be%d0%bf%d0%b8%d1%80%d0%be%d0%b2%d0%b0%d1%82%d1%8c\/#breadcrumb","itemListElement":[{"@type":"ListItem","position":1,"name":"Home","item":"https:\/\/motodepo.ee\/et\/"},{"@type":"ListItem","position":2,"name":"Kataloog","item":"https:\/\/motodepo.ee\/et\/shop\/"},{"@type":"ListItem","position":3,"name":"BMW N47C16A diiselmootor"}]},{"@type":"WebSite","@id":"https:\/\/motodepo.ee\/#website","url":"https:\/\/motodepo.ee\/","name":"Motodepo - Mootoripood","description":"","potentialAction":[{"@type":"SearchAction","target":{"@type":"EntryPoint","urlTemplate":"https:\/\/motodepo.ee\/?s={search_term_string}"},"query-input":{"@type":"PropertyValueSpecification","valueRequired":true,"valueName":"search_term_string"}}],"inLanguage":"et"}]}},"_links":{"self":[{"href":"https:\/\/motodepo.ee\/et\/wp-json\/wp\/v2\/product\/6142","targetHints":{"allow":["GET"]}}],"collection":[{"href":"https:\/\/motodepo.ee\/et\/wp-json\/wp\/v2\/product"}],"about":[{"href":"https:\/\/motodepo.ee\/et\/wp-json\/wp\/v2\/types\/product"}],"version-history":[{"count":2,"href":"https:\/\/motodepo.ee\/et\/wp-json\/wp\/v2\/product\/6142\/revisions"}],"predecessor-version":[{"id":6178,"href":"https:\/\/motodepo.ee\/et\/wp-json\/wp\/v2\/product\/6142\/revisions\/6178"}],"wp:featuredmedia":[{"embeddable":true,"href":"https:\/\/motodepo.ee\/et\/wp-json\/wp\/v2\/media\/6145"}],"wp:attachment":[{"href":"https:\/\/motodepo.ee\/et\/wp-json\/wp\/v2\/media?parent=6142"}],"wp:term":[{"taxonomy":"product_brand","embeddable":true,"href":"https:\/\/motodepo.ee\/et\/wp-json\/wp\/v2\/product_brand?post=6142"},{"taxonomy":"product_cat","embeddable":true,"href":"https:\/\/motodepo.ee\/et\/wp-json\/wp\/v2\/product_cat?post=6142"},{"taxonomy":"product_tag","embeddable":true,"href":"https:\/\/motodepo.ee\/et\/wp-json\/wp\/v2\/product_tag?post=6142"}],"curies":[{"name":"wp","href":"https:\/\/api.w.org\/{rel}","templated":true}]}}