{"id":6109,"date":"2025-03-26T09:03:53","date_gmt":"2025-03-26T09:03:53","guid":{"rendered":"https:\/\/motodepo.ee\/?post_type=product&#038;p=6109"},"modified":"2025-03-26T09:15:48","modified_gmt":"2025-03-26T09:15:48","slug":"mercedes-benz-om642-is-a-3-0-liter-v6-%d0%ba%d0%be%d0%bf%d0%b8%d1%80%d0%be%d0%b2%d0%b0%d1%82%d1%8c","status":"publish","type":"product","link":"https:\/\/motodepo.ee\/et\/shop\/mootorid\/mercedes-benz-om642-is-a-3-0-liter-v6-%d0%ba%d0%be%d0%bf%d0%b8%d1%80%d0%be%d0%b2%d0%b0%d1%82%d1%8c\/","title":{"rendered":"N57D30A on 3.0-liitrine kuue silindriga diiselmootor"},"content":{"rendered":"<p>N57D30A on 3.0-liitrine kuue silindriga diiselmootor, mida kasutati erinevates BMW mudelites, sealhulgas 5. seeria, 7. seeria, X5 ja X6. Mootor on t\u00e4ielikult renoveeritud, tagades parima j\u00f5udluse ja vastupidavuse. Sobib mitmele BMW diiselmootoriga s\u00f5idukile, pakkudes usaldusv\u00e4\u00e4rset ja t\u00f5husat s\u00f5idukogemust.<\/p>\n","protected":false},"excerpt":{"rendered":"<p>N57D30A on 3.0-liitrine kuue silindriga diiselmootor, mida kasutati erinevates BMW mudelites, sealhulgas 5. seeria, 7. seeria, X5 ja X6. Mootor&#8230;<\/p>\n","protected":false},"featured_media":6124,"template":"","meta":[],"product_brand":[1119],"product_cat":[779],"product_tag":[984],"class_list":{"0":"post-6109","1":"product","2":"type-product","3":"status-publish","4":"has-post-thumbnail","6":"product_brand-n57d30a","7":"product_cat-mootorid","8":"product_tag-bmw-et","9":"pa_car-model-x6-et","10":"pa_car-model-5ser-et","11":"pa_car-model-7ser-et","12":"pa_car-model-x5-et","13":"pa_car-modification-5ser-2008-2017-et","14":"pa_car-modification-7ser-2008-2017-et","15":"pa_car-modification-x5-2008-2017-et","16":"pa_car-modification-x6-2008-2017-et","17":"product_parts-bmw","19":"first","20":"instock","21":"taxable","22":"shipping-taxable","23":"purchasable","24":"product-type-simple"},"yoast_head":"<!-- This site is optimized with the Yoast SEO plugin v24.6 - https:\/\/yoast.com\/wordpress\/plugins\/seo\/ -->\n<title>N57D30A mootor renoveeritud BMW 5, 7, X5, X6 jaoks<\/title>\n<meta name=\"description\" content=\"N57D30A on t\u00e4ielikult renoveeritud 3.0-liitrine diiselmootor, mis on \u00fchilduv BMW 5. seeria, 7. seeria, X5 ja X6 mudelitega. Pakub suurep\u00e4rast j\u00f5udlust ja usaldusv\u00e4\u00e4rsust\" \/>\n<meta name=\"robots\" content=\"index, follow, max-snippet:-1, max-image-preview:large, max-video-preview:-1\" \/>\n<link rel=\"canonical\" href=\"https:\/\/motodepo.ee\/et\/shop\/mootorid\/mercedes-benz-om642-is-a-3-0-liter-v6-\u043a\u043e\u043f\u0438\u0440\u043e\u0432\u0430\u0442\u044c\/\" \/>\n<meta property=\"og:locale\" content=\"et_EE\" \/>\n<meta property=\"og:type\" content=\"article\" \/>\n<meta property=\"og:title\" content=\"N57D30A mootor renoveeritud BMW 5, 7, X5, X6 jaoks\" \/>\n<meta property=\"og:description\" content=\"N57D30A on t\u00e4ielikult renoveeritud 3.0-liitrine diiselmootor, mis on \u00fchilduv BMW 5. seeria, 7. seeria, X5 ja X6 mudelitega. Pakub suurep\u00e4rast j\u00f5udlust ja usaldusv\u00e4\u00e4rsust\" \/>\n<meta property=\"og:url\" content=\"https:\/\/motodepo.ee\/et\/shop\/mootorid\/mercedes-benz-om642-is-a-3-0-liter-v6-\u043a\u043e\u043f\u0438\u0440\u043e\u0432\u0430\u0442\u044c\/\" \/>\n<meta property=\"og:site_name\" content=\"Motodepo - Mootoripood\" \/>\n<meta property=\"article:modified_time\" content=\"2025-03-26T09:15:48+00:00\" \/>\n<meta property=\"og:image\" content=\"https:\/\/motodepo.ee\/wp-content\/uploads\/2025\/03\/viber_image_2025-03-22_12-33-51-671-scaled.jpg\" \/>\n\t<meta property=\"og:image:width\" content=\"1211\" \/>\n\t<meta property=\"og:image:height\" content=\"2560\" \/>\n\t<meta property=\"og:image:type\" content=\"image\/jpeg\" \/>\n<meta name=\"twitter:card\" content=\"summary_large_image\" \/>\n<script type=\"application\/ld+json\" class=\"yoast-schema-graph\">{\"@context\":\"https:\/\/schema.org\",\"@graph\":[{\"@type\":\"WebPage\",\"@id\":\"https:\/\/motodepo.ee\/et\/shop\/mootorid\/mercedes-benz-om642-is-a-3-0-liter-v6-%d0%ba%d0%be%d0%bf%d0%b8%d1%80%d0%be%d0%b2%d0%b0%d1%82%d1%8c\/\",\"url\":\"https:\/\/motodepo.ee\/et\/shop\/mootorid\/mercedes-benz-om642-is-a-3-0-liter-v6-%d0%ba%d0%be%d0%bf%d0%b8%d1%80%d0%be%d0%b2%d0%b0%d1%82%d1%8c\/\",\"name\":\"N57D30A mootor renoveeritud BMW 5, 7, X5, X6 jaoks\",\"isPartOf\":{\"@id\":\"https:\/\/motodepo.ee\/#website\"},\"primaryImageOfPage\":{\"@id\":\"https:\/\/motodepo.ee\/et\/shop\/mootorid\/mercedes-benz-om642-is-a-3-0-liter-v6-%d0%ba%d0%be%d0%bf%d0%b8%d1%80%d0%be%d0%b2%d0%b0%d1%82%d1%8c\/#primaryimage\"},\"image\":{\"@id\":\"https:\/\/motodepo.ee\/et\/shop\/mootorid\/mercedes-benz-om642-is-a-3-0-liter-v6-%d0%ba%d0%be%d0%bf%d0%b8%d1%80%d0%be%d0%b2%d0%b0%d1%82%d1%8c\/#primaryimage\"},\"thumbnailUrl\":\"https:\/\/motodepo.ee\/wp-content\/uploads\/2025\/03\/viber_image_2025-03-22_12-33-53-336.jpg\",\"datePublished\":\"2025-03-26T09:03:53+00:00\",\"dateModified\":\"2025-03-26T09:15:48+00:00\",\"description\":\"N57D30A on t\u00e4ielikult renoveeritud 3.0-liitrine diiselmootor, mis on \u00fchilduv BMW 5. seeria, 7. seeria, X5 ja X6 mudelitega. Pakub suurep\u00e4rast j\u00f5udlust ja usaldusv\u00e4\u00e4rsust\",\"breadcrumb\":{\"@id\":\"https:\/\/motodepo.ee\/et\/shop\/mootorid\/mercedes-benz-om642-is-a-3-0-liter-v6-%d0%ba%d0%be%d0%bf%d0%b8%d1%80%d0%be%d0%b2%d0%b0%d1%82%d1%8c\/#breadcrumb\"},\"inLanguage\":\"et\",\"potentialAction\":[{\"@type\":\"ReadAction\",\"target\":[\"https:\/\/motodepo.ee\/et\/shop\/mootorid\/mercedes-benz-om642-is-a-3-0-liter-v6-%d0%ba%d0%be%d0%bf%d0%b8%d1%80%d0%be%d0%b2%d0%b0%d1%82%d1%8c\/\"]}]},{\"@type\":\"ImageObject\",\"inLanguage\":\"et\",\"@id\":\"https:\/\/motodepo.ee\/et\/shop\/mootorid\/mercedes-benz-om642-is-a-3-0-liter-v6-%d0%ba%d0%be%d0%bf%d0%b8%d1%80%d0%be%d0%b2%d0%b0%d1%82%d1%8c\/#primaryimage\",\"url\":\"https:\/\/motodepo.ee\/wp-content\/uploads\/2025\/03\/viber_image_2025-03-22_12-33-53-336.jpg\",\"contentUrl\":\"https:\/\/motodepo.ee\/wp-content\/uploads\/2025\/03\/viber_image_2025-03-22_12-33-53-336.jpg\",\"width\":1828,\"height\":1857},{\"@type\":\"BreadcrumbList\",\"@id\":\"https:\/\/motodepo.ee\/et\/shop\/mootorid\/mercedes-benz-om642-is-a-3-0-liter-v6-%d0%ba%d0%be%d0%bf%d0%b8%d1%80%d0%be%d0%b2%d0%b0%d1%82%d1%8c\/#breadcrumb\",\"itemListElement\":[{\"@type\":\"ListItem\",\"position\":1,\"name\":\"Home\",\"item\":\"https:\/\/motodepo.ee\/et\/\"},{\"@type\":\"ListItem\",\"position\":2,\"name\":\"Kataloog\",\"item\":\"https:\/\/motodepo.ee\/et\/shop\/\"},{\"@type\":\"ListItem\",\"position\":3,\"name\":\"N57D30A on 3.0-liitrine kuue silindriga diiselmootor\"}]},{\"@type\":\"WebSite\",\"@id\":\"https:\/\/motodepo.ee\/#website\",\"url\":\"https:\/\/motodepo.ee\/\",\"name\":\"Motodepo - Mootoripood\",\"description\":\"\",\"potentialAction\":[{\"@type\":\"SearchAction\",\"target\":{\"@type\":\"EntryPoint\",\"urlTemplate\":\"https:\/\/motodepo.ee\/?s={search_term_string}\"},\"query-input\":{\"@type\":\"PropertyValueSpecification\",\"valueRequired\":true,\"valueName\":\"search_term_string\"}}],\"inLanguage\":\"et\"}]}<\/script>\n<!-- \/ Yoast SEO plugin. -->","yoast_head_json":{"title":"N57D30A mootor renoveeritud BMW 5, 7, X5, X6 jaoks","description":"N57D30A on t\u00e4ielikult renoveeritud 3.0-liitrine diiselmootor, mis on \u00fchilduv BMW 5. seeria, 7. seeria, X5 ja X6 mudelitega. Pakub suurep\u00e4rast j\u00f5udlust ja usaldusv\u00e4\u00e4rsust","robots":{"index":"index","follow":"follow","max-snippet":"max-snippet:-1","max-image-preview":"max-image-preview:large","max-video-preview":"max-video-preview:-1"},"canonical":"https:\/\/motodepo.ee\/et\/shop\/mootorid\/mercedes-benz-om642-is-a-3-0-liter-v6-\u043a\u043e\u043f\u0438\u0440\u043e\u0432\u0430\u0442\u044c\/","og_locale":"et_EE","og_type":"article","og_title":"N57D30A mootor renoveeritud BMW 5, 7, X5, X6 jaoks","og_description":"N57D30A on t\u00e4ielikult renoveeritud 3.0-liitrine diiselmootor, mis on \u00fchilduv BMW 5. seeria, 7. seeria, X5 ja X6 mudelitega. Pakub suurep\u00e4rast j\u00f5udlust ja usaldusv\u00e4\u00e4rsust","og_url":"https:\/\/motodepo.ee\/et\/shop\/mootorid\/mercedes-benz-om642-is-a-3-0-liter-v6-\u043a\u043e\u043f\u0438\u0440\u043e\u0432\u0430\u0442\u044c\/","og_site_name":"Motodepo - Mootoripood","article_modified_time":"2025-03-26T09:15:48+00:00","og_image":[{"width":1211,"height":2560,"url":"https:\/\/motodepo.ee\/wp-content\/uploads\/2025\/03\/viber_image_2025-03-22_12-33-51-671-scaled.jpg","type":"image\/jpeg"}],"twitter_card":"summary_large_image","schema":{"@context":"https:\/\/schema.org","@graph":[{"@type":"WebPage","@id":"https:\/\/motodepo.ee\/et\/shop\/mootorid\/mercedes-benz-om642-is-a-3-0-liter-v6-%d0%ba%d0%be%d0%bf%d0%b8%d1%80%d0%be%d0%b2%d0%b0%d1%82%d1%8c\/","url":"https:\/\/motodepo.ee\/et\/shop\/mootorid\/mercedes-benz-om642-is-a-3-0-liter-v6-%d0%ba%d0%be%d0%bf%d0%b8%d1%80%d0%be%d0%b2%d0%b0%d1%82%d1%8c\/","name":"N57D30A mootor renoveeritud BMW 5, 7, X5, X6 jaoks","isPartOf":{"@id":"https:\/\/motodepo.ee\/#website"},"primaryImageOfPage":{"@id":"https:\/\/motodepo.ee\/et\/shop\/mootorid\/mercedes-benz-om642-is-a-3-0-liter-v6-%d0%ba%d0%be%d0%bf%d0%b8%d1%80%d0%be%d0%b2%d0%b0%d1%82%d1%8c\/#primaryimage"},"image":{"@id":"https:\/\/motodepo.ee\/et\/shop\/mootorid\/mercedes-benz-om642-is-a-3-0-liter-v6-%d0%ba%d0%be%d0%bf%d0%b8%d1%80%d0%be%d0%b2%d0%b0%d1%82%d1%8c\/#primaryimage"},"thumbnailUrl":"https:\/\/motodepo.ee\/wp-content\/uploads\/2025\/03\/viber_image_2025-03-22_12-33-53-336.jpg","datePublished":"2025-03-26T09:03:53+00:00","dateModified":"2025-03-26T09:15:48+00:00","description":"N57D30A on t\u00e4ielikult renoveeritud 3.0-liitrine diiselmootor, mis on \u00fchilduv BMW 5. seeria, 7. seeria, X5 ja X6 mudelitega. Pakub suurep\u00e4rast j\u00f5udlust ja usaldusv\u00e4\u00e4rsust","breadcrumb":{"@id":"https:\/\/motodepo.ee\/et\/shop\/mootorid\/mercedes-benz-om642-is-a-3-0-liter-v6-%d0%ba%d0%be%d0%bf%d0%b8%d1%80%d0%be%d0%b2%d0%b0%d1%82%d1%8c\/#breadcrumb"},"inLanguage":"et","potentialAction":[{"@type":"ReadAction","target":["https:\/\/motodepo.ee\/et\/shop\/mootorid\/mercedes-benz-om642-is-a-3-0-liter-v6-%d0%ba%d0%be%d0%bf%d0%b8%d1%80%d0%be%d0%b2%d0%b0%d1%82%d1%8c\/"]}]},{"@type":"ImageObject","inLanguage":"et","@id":"https:\/\/motodepo.ee\/et\/shop\/mootorid\/mercedes-benz-om642-is-a-3-0-liter-v6-%d0%ba%d0%be%d0%bf%d0%b8%d1%80%d0%be%d0%b2%d0%b0%d1%82%d1%8c\/#primaryimage","url":"https:\/\/motodepo.ee\/wp-content\/uploads\/2025\/03\/viber_image_2025-03-22_12-33-53-336.jpg","contentUrl":"https:\/\/motodepo.ee\/wp-content\/uploads\/2025\/03\/viber_image_2025-03-22_12-33-53-336.jpg","width":1828,"height":1857},{"@type":"BreadcrumbList","@id":"https:\/\/motodepo.ee\/et\/shop\/mootorid\/mercedes-benz-om642-is-a-3-0-liter-v6-%d0%ba%d0%be%d0%bf%d0%b8%d1%80%d0%be%d0%b2%d0%b0%d1%82%d1%8c\/#breadcrumb","itemListElement":[{"@type":"ListItem","position":1,"name":"Home","item":"https:\/\/motodepo.ee\/et\/"},{"@type":"ListItem","position":2,"name":"Kataloog","item":"https:\/\/motodepo.ee\/et\/shop\/"},{"@type":"ListItem","position":3,"name":"N57D30A on 3.0-liitrine kuue silindriga diiselmootor"}]},{"@type":"WebSite","@id":"https:\/\/motodepo.ee\/#website","url":"https:\/\/motodepo.ee\/","name":"Motodepo - Mootoripood","description":"","potentialAction":[{"@type":"SearchAction","target":{"@type":"EntryPoint","urlTemplate":"https:\/\/motodepo.ee\/?s={search_term_string}"},"query-input":{"@type":"PropertyValueSpecification","valueRequired":true,"valueName":"search_term_string"}}],"inLanguage":"et"}]}},"_links":{"self":[{"href":"https:\/\/motodepo.ee\/et\/wp-json\/wp\/v2\/product\/6109","targetHints":{"allow":["GET"]}}],"collection":[{"href":"https:\/\/motodepo.ee\/et\/wp-json\/wp\/v2\/product"}],"about":[{"href":"https:\/\/motodepo.ee\/et\/wp-json\/wp\/v2\/types\/product"}],"version-history":[{"count":2,"href":"https:\/\/motodepo.ee\/et\/wp-json\/wp\/v2\/product\/6109\/revisions"}],"predecessor-version":[{"id":6129,"href":"https:\/\/motodepo.ee\/et\/wp-json\/wp\/v2\/product\/6109\/revisions\/6129"}],"wp:featuredmedia":[{"embeddable":true,"href":"https:\/\/motodepo.ee\/et\/wp-json\/wp\/v2\/media\/6124"}],"wp:attachment":[{"href":"https:\/\/motodepo.ee\/et\/wp-json\/wp\/v2\/media?parent=6109"}],"wp:term":[{"taxonomy":"product_brand","embeddable":true,"href":"https:\/\/motodepo.ee\/et\/wp-json\/wp\/v2\/product_brand?post=6109"},{"taxonomy":"product_cat","embeddable":true,"href":"https:\/\/motodepo.ee\/et\/wp-json\/wp\/v2\/product_cat?post=6109"},{"taxonomy":"product_tag","embeddable":true,"href":"https:\/\/motodepo.ee\/et\/wp-json\/wp\/v2\/product_tag?post=6109"}],"curies":[{"name":"wp","href":"https:\/\/api.w.org\/{rel}","templated":true}]}}