{"id":6095,"date":"2025-03-19T10:35:18","date_gmt":"2025-03-19T10:35:18","guid":{"rendered":"https:\/\/motodepo.ee\/?post_type=product&#038;p=6095"},"modified":"2025-03-19T10:51:19","modified_gmt":"2025-03-19T10:51:19","slug":"aastatud-3-0-tdv6-306dt-gen-2-%d0%ba%d0%be%d0%bf%d0%b8%d1%80%d0%be%d0%b2%d0%b0%d1%82%d1%8c-3","status":"publish","type":"product","link":"https:\/\/motodepo.ee\/et\/shop\/mootorid\/aastatud-3-0-tdv6-306dt-gen-2-%d0%ba%d0%be%d0%bf%d0%b8%d1%80%d0%be%d0%b2%d0%b0%d1%82%d1%8c-3\/","title":{"rendered":"Mercedes-Benz OM642 is a 3.0-liter V6"},"content":{"rendered":"<p><span class=\"relative -mx-px my-[-0.2rem] rounded px-px py-[0.2rem]\">Mercedes-Benzi OM642 on 3,0-liitrine V6 diiselmootor, mis tutvustati 2005. aastal ja mida kasutatakse erinevates mudelites, sealhulgas C-klass, E-klass, S-klass, CLS-klass, R-klass, G-klass, GL-klass, GLK-klass, M-klass, Sprinter ja Vito\/Viano.<\/span> <span class=\"relative -mx-px my-[-0.2rem] rounded px-px py-[0.2rem]\">See mootor on t\u00e4ielikult taastatud, kasutades kvaliteetseid komponente, tagades optimaalse j\u00f5udluse ja t\u00f6\u00f6kindluse.<\/span> <span class=\"relative -mx-px my-[-0.2rem] rounded px-px py-[0.2rem]\">Ideaalne valik teie Mercedes-Benzi s\u00f5iduki taastamiseks tehase spetsifikatsioonidele vastavaks.<\/span><\/p>\n","protected":false},"excerpt":{"rendered":"<p>Mercedes-Benzi OM642 on 3,0-liitrine V6 diiselmootor, mis tutvustati 2005. aastal ja mida kasutatakse erinevates mudelites, sealhulgas C-klass, E-klass, S-klass, CLS-klass,&#8230;<\/p>\n","protected":false},"featured_media":6069,"template":"","meta":[],"product_brand":[1068,1069,1067],"product_cat":[779],"product_tag":[1100],"class_list":{"0":"post-6095","1":"product","2":"type-product","3":"status-publish","4":"has-post-thumbnail","6":"product_brand-642-940","7":"product_brand-642-950","8":"product_brand-om642","9":"product_cat-mootorid","10":"product_tag-mercedes-benz-et","11":"pa_car-model-c-class-et","12":"pa_car-model-cls-class-et","13":"pa_car-model-e-class-et","14":"pa_car-model-g-class-et","15":"pa_car-model-gl-class-et","16":"pa_car-model-glk-class-et","17":"pa_car-model-m-class-et","18":"pa_car-model-r-class-et","19":"pa_car-model-s-class-et","20":"pa_car-model-sprinter-et","21":"pa_car-model-vito-viano-et","22":"pa_car-modification-mercedes-benz-2005-2017-et","24":"first","25":"instock","26":"taxable","27":"shipping-taxable","28":"purchasable","29":"product-type-simple"},"yoast_head":"<!-- This site is optimized with the Yoast SEO plugin v24.6 - https:\/\/yoast.com\/wordpress\/plugins\/seo\/ -->\n<title>Taastatud Mercedes-Benzi OM642 mootor<\/title>\n<meta name=\"description\" content=\"Osta t\u00e4ielikult taastatud 3,0-liitrine V6 diiselmootor Mercedes-Benz OM642 mudelitele nagu C-klass, E-klass, S-klass ja rohkem.\" \/>\n<meta name=\"robots\" content=\"index, follow, max-snippet:-1, max-image-preview:large, max-video-preview:-1\" \/>\n<link rel=\"canonical\" href=\"https:\/\/motodepo.ee\/et\/shop\/mootorid\/aastatud-3-0-tdv6-306dt-gen-2-\u043a\u043e\u043f\u0438\u0440\u043e\u0432\u0430\u0442\u044c-3\/\" \/>\n<meta property=\"og:locale\" content=\"et_EE\" \/>\n<meta property=\"og:type\" content=\"article\" \/>\n<meta property=\"og:title\" content=\"Taastatud Mercedes-Benzi OM642 mootor\" \/>\n<meta property=\"og:description\" content=\"Osta t\u00e4ielikult taastatud 3,0-liitrine V6 diiselmootor Mercedes-Benz OM642 mudelitele nagu C-klass, E-klass, S-klass ja rohkem.\" \/>\n<meta property=\"og:url\" content=\"https:\/\/motodepo.ee\/et\/shop\/mootorid\/aastatud-3-0-tdv6-306dt-gen-2-\u043a\u043e\u043f\u0438\u0440\u043e\u0432\u0430\u0442\u044c-3\/\" \/>\n<meta property=\"og:site_name\" content=\"Motodepo - Mootoripood\" \/>\n<meta property=\"article:modified_time\" content=\"2025-03-19T10:51:19+00:00\" \/>\n<meta property=\"og:image\" content=\"https:\/\/motodepo.ee\/wp-content\/uploads\/2025\/03\/viber_image_2025-03-18_23-03-13-477-1170x1181.jpg\" \/>\n\t<meta property=\"og:image:width\" content=\"1170\" \/>\n\t<meta property=\"og:image:height\" content=\"1181\" \/>\n\t<meta property=\"og:image:type\" content=\"image\/jpeg\" \/>\n<meta name=\"twitter:card\" content=\"summary_large_image\" \/>\n<script type=\"application\/ld+json\" class=\"yoast-schema-graph\">{\"@context\":\"https:\/\/schema.org\",\"@graph\":[{\"@type\":\"WebPage\",\"@id\":\"https:\/\/motodepo.ee\/et\/shop\/mootorid\/aastatud-3-0-tdv6-306dt-gen-2-%d0%ba%d0%be%d0%bf%d0%b8%d1%80%d0%be%d0%b2%d0%b0%d1%82%d1%8c-3\/\",\"url\":\"https:\/\/motodepo.ee\/et\/shop\/mootorid\/aastatud-3-0-tdv6-306dt-gen-2-%d0%ba%d0%be%d0%bf%d0%b8%d1%80%d0%be%d0%b2%d0%b0%d1%82%d1%8c-3\/\",\"name\":\"Taastatud Mercedes-Benzi OM642 mootor\",\"isPartOf\":{\"@id\":\"https:\/\/motodepo.ee\/#website\"},\"primaryImageOfPage\":{\"@id\":\"https:\/\/motodepo.ee\/et\/shop\/mootorid\/aastatud-3-0-tdv6-306dt-gen-2-%d0%ba%d0%be%d0%bf%d0%b8%d1%80%d0%be%d0%b2%d0%b0%d1%82%d1%8c-3\/#primaryimage\"},\"image\":{\"@id\":\"https:\/\/motodepo.ee\/et\/shop\/mootorid\/aastatud-3-0-tdv6-306dt-gen-2-%d0%ba%d0%be%d0%bf%d0%b8%d1%80%d0%be%d0%b2%d0%b0%d1%82%d1%8c-3\/#primaryimage\"},\"thumbnailUrl\":\"https:\/\/motodepo.ee\/wp-content\/uploads\/2025\/03\/viber_image_2025-03-18_23-03-13-477-scaled.jpg\",\"datePublished\":\"2025-03-19T10:35:18+00:00\",\"dateModified\":\"2025-03-19T10:51:19+00:00\",\"description\":\"Osta t\u00e4ielikult taastatud 3,0-liitrine V6 diiselmootor Mercedes-Benz OM642 mudelitele nagu C-klass, E-klass, S-klass ja rohkem.\",\"breadcrumb\":{\"@id\":\"https:\/\/motodepo.ee\/et\/shop\/mootorid\/aastatud-3-0-tdv6-306dt-gen-2-%d0%ba%d0%be%d0%bf%d0%b8%d1%80%d0%be%d0%b2%d0%b0%d1%82%d1%8c-3\/#breadcrumb\"},\"inLanguage\":\"et\",\"potentialAction\":[{\"@type\":\"ReadAction\",\"target\":[\"https:\/\/motodepo.ee\/et\/shop\/mootorid\/aastatud-3-0-tdv6-306dt-gen-2-%d0%ba%d0%be%d0%bf%d0%b8%d1%80%d0%be%d0%b2%d0%b0%d1%82%d1%8c-3\/\"]}]},{\"@type\":\"ImageObject\",\"inLanguage\":\"et\",\"@id\":\"https:\/\/motodepo.ee\/et\/shop\/mootorid\/aastatud-3-0-tdv6-306dt-gen-2-%d0%ba%d0%be%d0%bf%d0%b8%d1%80%d0%be%d0%b2%d0%b0%d1%82%d1%8c-3\/#primaryimage\",\"url\":\"https:\/\/motodepo.ee\/wp-content\/uploads\/2025\/03\/viber_image_2025-03-18_23-03-13-477-scaled.jpg\",\"contentUrl\":\"https:\/\/motodepo.ee\/wp-content\/uploads\/2025\/03\/viber_image_2025-03-18_23-03-13-477-scaled.jpg\",\"width\":2536,\"height\":2560},{\"@type\":\"BreadcrumbList\",\"@id\":\"https:\/\/motodepo.ee\/et\/shop\/mootorid\/aastatud-3-0-tdv6-306dt-gen-2-%d0%ba%d0%be%d0%bf%d0%b8%d1%80%d0%be%d0%b2%d0%b0%d1%82%d1%8c-3\/#breadcrumb\",\"itemListElement\":[{\"@type\":\"ListItem\",\"position\":1,\"name\":\"Home\",\"item\":\"https:\/\/motodepo.ee\/et\/\"},{\"@type\":\"ListItem\",\"position\":2,\"name\":\"Kataloog\",\"item\":\"https:\/\/motodepo.ee\/et\/shop\/\"},{\"@type\":\"ListItem\",\"position\":3,\"name\":\"Mercedes-Benz OM642 is a 3.0-liter V6\"}]},{\"@type\":\"WebSite\",\"@id\":\"https:\/\/motodepo.ee\/#website\",\"url\":\"https:\/\/motodepo.ee\/\",\"name\":\"Motodepo - Mootoripood\",\"description\":\"\",\"potentialAction\":[{\"@type\":\"SearchAction\",\"target\":{\"@type\":\"EntryPoint\",\"urlTemplate\":\"https:\/\/motodepo.ee\/?s={search_term_string}\"},\"query-input\":{\"@type\":\"PropertyValueSpecification\",\"valueRequired\":true,\"valueName\":\"search_term_string\"}}],\"inLanguage\":\"et\"}]}<\/script>\n<!-- \/ Yoast SEO plugin. -->","yoast_head_json":{"title":"Taastatud Mercedes-Benzi OM642 mootor","description":"Osta t\u00e4ielikult taastatud 3,0-liitrine V6 diiselmootor Mercedes-Benz OM642 mudelitele nagu C-klass, E-klass, S-klass ja rohkem.","robots":{"index":"index","follow":"follow","max-snippet":"max-snippet:-1","max-image-preview":"max-image-preview:large","max-video-preview":"max-video-preview:-1"},"canonical":"https:\/\/motodepo.ee\/et\/shop\/mootorid\/aastatud-3-0-tdv6-306dt-gen-2-\u043a\u043e\u043f\u0438\u0440\u043e\u0432\u0430\u0442\u044c-3\/","og_locale":"et_EE","og_type":"article","og_title":"Taastatud Mercedes-Benzi OM642 mootor","og_description":"Osta t\u00e4ielikult taastatud 3,0-liitrine V6 diiselmootor Mercedes-Benz OM642 mudelitele nagu C-klass, E-klass, S-klass ja rohkem.","og_url":"https:\/\/motodepo.ee\/et\/shop\/mootorid\/aastatud-3-0-tdv6-306dt-gen-2-\u043a\u043e\u043f\u0438\u0440\u043e\u0432\u0430\u0442\u044c-3\/","og_site_name":"Motodepo - Mootoripood","article_modified_time":"2025-03-19T10:51:19+00:00","og_image":[{"width":1170,"height":1181,"url":"https:\/\/motodepo.ee\/wp-content\/uploads\/2025\/03\/viber_image_2025-03-18_23-03-13-477-1170x1181.jpg","type":"image\/jpeg"}],"twitter_card":"summary_large_image","schema":{"@context":"https:\/\/schema.org","@graph":[{"@type":"WebPage","@id":"https:\/\/motodepo.ee\/et\/shop\/mootorid\/aastatud-3-0-tdv6-306dt-gen-2-%d0%ba%d0%be%d0%bf%d0%b8%d1%80%d0%be%d0%b2%d0%b0%d1%82%d1%8c-3\/","url":"https:\/\/motodepo.ee\/et\/shop\/mootorid\/aastatud-3-0-tdv6-306dt-gen-2-%d0%ba%d0%be%d0%bf%d0%b8%d1%80%d0%be%d0%b2%d0%b0%d1%82%d1%8c-3\/","name":"Taastatud Mercedes-Benzi OM642 mootor","isPartOf":{"@id":"https:\/\/motodepo.ee\/#website"},"primaryImageOfPage":{"@id":"https:\/\/motodepo.ee\/et\/shop\/mootorid\/aastatud-3-0-tdv6-306dt-gen-2-%d0%ba%d0%be%d0%bf%d0%b8%d1%80%d0%be%d0%b2%d0%b0%d1%82%d1%8c-3\/#primaryimage"},"image":{"@id":"https:\/\/motodepo.ee\/et\/shop\/mootorid\/aastatud-3-0-tdv6-306dt-gen-2-%d0%ba%d0%be%d0%bf%d0%b8%d1%80%d0%be%d0%b2%d0%b0%d1%82%d1%8c-3\/#primaryimage"},"thumbnailUrl":"https:\/\/motodepo.ee\/wp-content\/uploads\/2025\/03\/viber_image_2025-03-18_23-03-13-477-scaled.jpg","datePublished":"2025-03-19T10:35:18+00:00","dateModified":"2025-03-19T10:51:19+00:00","description":"Osta t\u00e4ielikult taastatud 3,0-liitrine V6 diiselmootor Mercedes-Benz OM642 mudelitele nagu C-klass, E-klass, S-klass ja rohkem.","breadcrumb":{"@id":"https:\/\/motodepo.ee\/et\/shop\/mootorid\/aastatud-3-0-tdv6-306dt-gen-2-%d0%ba%d0%be%d0%bf%d0%b8%d1%80%d0%be%d0%b2%d0%b0%d1%82%d1%8c-3\/#breadcrumb"},"inLanguage":"et","potentialAction":[{"@type":"ReadAction","target":["https:\/\/motodepo.ee\/et\/shop\/mootorid\/aastatud-3-0-tdv6-306dt-gen-2-%d0%ba%d0%be%d0%bf%d0%b8%d1%80%d0%be%d0%b2%d0%b0%d1%82%d1%8c-3\/"]}]},{"@type":"ImageObject","inLanguage":"et","@id":"https:\/\/motodepo.ee\/et\/shop\/mootorid\/aastatud-3-0-tdv6-306dt-gen-2-%d0%ba%d0%be%d0%bf%d0%b8%d1%80%d0%be%d0%b2%d0%b0%d1%82%d1%8c-3\/#primaryimage","url":"https:\/\/motodepo.ee\/wp-content\/uploads\/2025\/03\/viber_image_2025-03-18_23-03-13-477-scaled.jpg","contentUrl":"https:\/\/motodepo.ee\/wp-content\/uploads\/2025\/03\/viber_image_2025-03-18_23-03-13-477-scaled.jpg","width":2536,"height":2560},{"@type":"BreadcrumbList","@id":"https:\/\/motodepo.ee\/et\/shop\/mootorid\/aastatud-3-0-tdv6-306dt-gen-2-%d0%ba%d0%be%d0%bf%d0%b8%d1%80%d0%be%d0%b2%d0%b0%d1%82%d1%8c-3\/#breadcrumb","itemListElement":[{"@type":"ListItem","position":1,"name":"Home","item":"https:\/\/motodepo.ee\/et\/"},{"@type":"ListItem","position":2,"name":"Kataloog","item":"https:\/\/motodepo.ee\/et\/shop\/"},{"@type":"ListItem","position":3,"name":"Mercedes-Benz OM642 is a 3.0-liter V6"}]},{"@type":"WebSite","@id":"https:\/\/motodepo.ee\/#website","url":"https:\/\/motodepo.ee\/","name":"Motodepo - Mootoripood","description":"","potentialAction":[{"@type":"SearchAction","target":{"@type":"EntryPoint","urlTemplate":"https:\/\/motodepo.ee\/?s={search_term_string}"},"query-input":{"@type":"PropertyValueSpecification","valueRequired":true,"valueName":"search_term_string"}}],"inLanguage":"et"}]}},"_links":{"self":[{"href":"https:\/\/motodepo.ee\/et\/wp-json\/wp\/v2\/product\/6095","targetHints":{"allow":["GET"]}}],"collection":[{"href":"https:\/\/motodepo.ee\/et\/wp-json\/wp\/v2\/product"}],"about":[{"href":"https:\/\/motodepo.ee\/et\/wp-json\/wp\/v2\/types\/product"}],"version-history":[{"count":2,"href":"https:\/\/motodepo.ee\/et\/wp-json\/wp\/v2\/product\/6095\/revisions"}],"predecessor-version":[{"id":6101,"href":"https:\/\/motodepo.ee\/et\/wp-json\/wp\/v2\/product\/6095\/revisions\/6101"}],"wp:featuredmedia":[{"embeddable":true,"href":"https:\/\/motodepo.ee\/et\/wp-json\/wp\/v2\/media\/6069"}],"wp:attachment":[{"href":"https:\/\/motodepo.ee\/et\/wp-json\/wp\/v2\/media?parent=6095"}],"wp:term":[{"taxonomy":"product_brand","embeddable":true,"href":"https:\/\/motodepo.ee\/et\/wp-json\/wp\/v2\/product_brand?post=6095"},{"taxonomy":"product_cat","embeddable":true,"href":"https:\/\/motodepo.ee\/et\/wp-json\/wp\/v2\/product_cat?post=6095"},{"taxonomy":"product_tag","embeddable":true,"href":"https:\/\/motodepo.ee\/et\/wp-json\/wp\/v2\/product_tag?post=6095"}],"curies":[{"name":"wp","href":"https:\/\/api.w.org\/{rel}","templated":true}]}}