{"id":5894,"date":"2025-03-14T13:31:30","date_gmt":"2025-03-14T13:31:30","guid":{"rendered":"https:\/\/motodepo.ee\/?post_type=product&#038;p=5894"},"modified":"2025-03-17T22:56:44","modified_gmt":"2025-03-17T22:56:44","slug":"b57d30a-on-30-liitrine-kuues-reavahega-diiselmootor-copy","status":"publish","type":"product","link":"https:\/\/motodepo.ee\/et\/shop\/mootorid\/b57d30a-on-30-liitrine-kuues-reavahega-diiselmootor-copy\/","title":{"rendered":"VM44D on 3,0-liitrine V6 diiselmootor"},"content":{"rendered":"<p><span class=\"relative -mx-px my-[-0.2rem] rounded px-px py-[0.2rem]\">VM44D on 3,0-liitrine V6 diiselmootor, mida kasutati Jeep Grand Cherokee (WK2) mudelitel aastatel 2010 kuni 2021 ning Chrysler 300C sedaanidel aastatel 2012 kuni 2015.<\/span> <span class=\"relative -mx-px my-[-0.2rem] rounded px-px py-[0.2rem]\">See mootor on t\u00e4ielikult taastatud, kasutades kvaliteetseid komponente, tagades optimaalse j\u00f5udluse ja t\u00f6\u00f6kindluse. Ideaalne valik teie Land Roveri v\u00f5i Jaguari s\u00f5iduki taastamiseks tehase spetsifikatsioonidele vastavaks.<\/span> <span class=\"relative -mx-px my-[-0.2rem] rounded px-px py-[0.2rem]\">See mootor on t\u00e4ielikult taastatud, kasutades kvaliteetseid komponente, tagades optimaalse j\u00f5udluse ja t\u00f6\u00f6kindluse.<\/span><\/p>\n","protected":false},"excerpt":{"rendered":"<p>VM44D on 3,0-liitrine V6 diiselmootor, mida kasutati Jeep Grand Cherokee (WK2) mudelitel aastatel 2010 kuni 2021 ning Chrysler 300C sedaanidel&#8230;<\/p>\n","protected":false},"featured_media":5897,"template":"","meta":[],"product_brand":[1004],"product_cat":[779],"product_tag":[1051,1050,985],"class_list":{"0":"post-5894","1":"product","2":"type-product","3":"status-publish","4":"has-post-thumbnail","6":"product_brand-vm44d","7":"product_cat-mootorid","8":"product_tag-chrysler-et","9":"product_tag-jeep-et","10":"product_tag-rebuilt-engine-et","11":"pa_car-model-300c-et","12":"pa_car-model-grand-cherokee-et","13":"pa_car-modification-chrysler-300c-2012-2015-et","14":"pa_car-modification-grand-cherokee-wk2-et","15":"product_badges-new","16":"product_brands-chrysler","17":"product_brands-jeep","19":"first","20":"instock","21":"taxable","22":"shipping-taxable","23":"purchasable","24":"product-type-simple"},"yoast_head":"<!-- This site is optimized with the Yoast SEO plugin v24.6 - https:\/\/yoast.com\/wordpress\/plugins\/seo\/ -->\n<title>Taastatud VM44D mootor Jeep Grand Cherokee ja Chrysler 300C jaoks<\/title>\n<meta name=\"description\" content=\"Osta t\u00e4ielikult taastatud 3,0-liitrine diiselmootor VM44D Jeep Grand Cherokee (2010\u20132021) ja Chrysler 300C (2012\u20132015) jaoks. Kvaliteetsed komponendid tagavad t\u00f6\u00f6kindluse ja j\u00f5udluse.\" \/>\n<meta name=\"robots\" content=\"index, follow, max-snippet:-1, max-image-preview:large, max-video-preview:-1\" \/>\n<link rel=\"canonical\" href=\"https:\/\/motodepo.ee\/et\/shop\/mootorid\/b57d30a-on-30-liitrine-kuues-reavahega-diiselmootor-copy\/\" \/>\n<meta property=\"og:locale\" content=\"et_EE\" \/>\n<meta property=\"og:type\" content=\"article\" \/>\n<meta property=\"og:title\" content=\"Taastatud VM44D mootor Jeep Grand Cherokee ja Chrysler 300C jaoks\" \/>\n<meta property=\"og:description\" content=\"Osta t\u00e4ielikult taastatud 3,0-liitrine diiselmootor VM44D Jeep Grand Cherokee (2010\u20132021) ja Chrysler 300C (2012\u20132015) jaoks. Kvaliteetsed komponendid tagavad t\u00f6\u00f6kindluse ja j\u00f5udluse.\" \/>\n<meta property=\"og:url\" content=\"https:\/\/motodepo.ee\/et\/shop\/mootorid\/b57d30a-on-30-liitrine-kuues-reavahega-diiselmootor-copy\/\" \/>\n<meta property=\"og:site_name\" content=\"Motodepo - Mootoripood\" \/>\n<meta property=\"article:modified_time\" content=\"2025-03-17T22:56:44+00:00\" \/>\n<meta property=\"og:image\" content=\"https:\/\/motodepo.ee\/wp-content\/uploads\/2025\/03\/mootoriremont-vm44-scaled.jpg\" \/>\n\t<meta property=\"og:image:width\" content=\"2011\" \/>\n\t<meta property=\"og:image:height\" content=\"2560\" \/>\n\t<meta property=\"og:image:type\" content=\"image\/jpeg\" \/>\n<meta name=\"twitter:card\" content=\"summary_large_image\" \/>\n<script type=\"application\/ld+json\" class=\"yoast-schema-graph\">{\"@context\":\"https:\/\/schema.org\",\"@graph\":[{\"@type\":\"WebPage\",\"@id\":\"https:\/\/motodepo.ee\/et\/shop\/mootorid\/b57d30a-on-30-liitrine-kuues-reavahega-diiselmootor-copy\/\",\"url\":\"https:\/\/motodepo.ee\/et\/shop\/mootorid\/b57d30a-on-30-liitrine-kuues-reavahega-diiselmootor-copy\/\",\"name\":\"Taastatud VM44D mootor Jeep Grand Cherokee ja Chrysler 300C jaoks\",\"isPartOf\":{\"@id\":\"https:\/\/motodepo.ee\/#website\"},\"primaryImageOfPage\":{\"@id\":\"https:\/\/motodepo.ee\/et\/shop\/mootorid\/b57d30a-on-30-liitrine-kuues-reavahega-diiselmootor-copy\/#primaryimage\"},\"image\":{\"@id\":\"https:\/\/motodepo.ee\/et\/shop\/mootorid\/b57d30a-on-30-liitrine-kuues-reavahega-diiselmootor-copy\/#primaryimage\"},\"thumbnailUrl\":\"https:\/\/motodepo.ee\/wp-content\/uploads\/2025\/03\/mootoriremont-vm44-scaled.jpg\",\"datePublished\":\"2025-03-14T13:31:30+00:00\",\"dateModified\":\"2025-03-17T22:56:44+00:00\",\"description\":\"Osta t\u00e4ielikult taastatud 3,0-liitrine diiselmootor VM44D Jeep Grand Cherokee (2010\u20132021) ja Chrysler 300C (2012\u20132015) jaoks. Kvaliteetsed komponendid tagavad t\u00f6\u00f6kindluse ja j\u00f5udluse.\",\"breadcrumb\":{\"@id\":\"https:\/\/motodepo.ee\/et\/shop\/mootorid\/b57d30a-on-30-liitrine-kuues-reavahega-diiselmootor-copy\/#breadcrumb\"},\"inLanguage\":\"et\",\"potentialAction\":[{\"@type\":\"ReadAction\",\"target\":[\"https:\/\/motodepo.ee\/et\/shop\/mootorid\/b57d30a-on-30-liitrine-kuues-reavahega-diiselmootor-copy\/\"]}]},{\"@type\":\"ImageObject\",\"inLanguage\":\"et\",\"@id\":\"https:\/\/motodepo.ee\/et\/shop\/mootorid\/b57d30a-on-30-liitrine-kuues-reavahega-diiselmootor-copy\/#primaryimage\",\"url\":\"https:\/\/motodepo.ee\/wp-content\/uploads\/2025\/03\/mootoriremont-vm44-scaled.jpg\",\"contentUrl\":\"https:\/\/motodepo.ee\/wp-content\/uploads\/2025\/03\/mootoriremont-vm44-scaled.jpg\",\"width\":2011,\"height\":2560},{\"@type\":\"BreadcrumbList\",\"@id\":\"https:\/\/motodepo.ee\/et\/shop\/mootorid\/b57d30a-on-30-liitrine-kuues-reavahega-diiselmootor-copy\/#breadcrumb\",\"itemListElement\":[{\"@type\":\"ListItem\",\"position\":1,\"name\":\"Home\",\"item\":\"https:\/\/motodepo.ee\/et\/\"},{\"@type\":\"ListItem\",\"position\":2,\"name\":\"Kataloog\",\"item\":\"https:\/\/motodepo.ee\/et\/shop\/\"},{\"@type\":\"ListItem\",\"position\":3,\"name\":\"VM44D on 3,0-liitrine V6 diiselmootor\"}]},{\"@type\":\"WebSite\",\"@id\":\"https:\/\/motodepo.ee\/#website\",\"url\":\"https:\/\/motodepo.ee\/\",\"name\":\"Motodepo - Mootoripood\",\"description\":\"\",\"potentialAction\":[{\"@type\":\"SearchAction\",\"target\":{\"@type\":\"EntryPoint\",\"urlTemplate\":\"https:\/\/motodepo.ee\/?s={search_term_string}\"},\"query-input\":{\"@type\":\"PropertyValueSpecification\",\"valueRequired\":true,\"valueName\":\"search_term_string\"}}],\"inLanguage\":\"et\"}]}<\/script>\n<!-- \/ Yoast SEO plugin. -->","yoast_head_json":{"title":"Taastatud VM44D mootor Jeep Grand Cherokee ja Chrysler 300C jaoks","description":"Osta t\u00e4ielikult taastatud 3,0-liitrine diiselmootor VM44D Jeep Grand Cherokee (2010\u20132021) ja Chrysler 300C (2012\u20132015) jaoks. Kvaliteetsed komponendid tagavad t\u00f6\u00f6kindluse ja j\u00f5udluse.","robots":{"index":"index","follow":"follow","max-snippet":"max-snippet:-1","max-image-preview":"max-image-preview:large","max-video-preview":"max-video-preview:-1"},"canonical":"https:\/\/motodepo.ee\/et\/shop\/mootorid\/b57d30a-on-30-liitrine-kuues-reavahega-diiselmootor-copy\/","og_locale":"et_EE","og_type":"article","og_title":"Taastatud VM44D mootor Jeep Grand Cherokee ja Chrysler 300C jaoks","og_description":"Osta t\u00e4ielikult taastatud 3,0-liitrine diiselmootor VM44D Jeep Grand Cherokee (2010\u20132021) ja Chrysler 300C (2012\u20132015) jaoks. Kvaliteetsed komponendid tagavad t\u00f6\u00f6kindluse ja j\u00f5udluse.","og_url":"https:\/\/motodepo.ee\/et\/shop\/mootorid\/b57d30a-on-30-liitrine-kuues-reavahega-diiselmootor-copy\/","og_site_name":"Motodepo - Mootoripood","article_modified_time":"2025-03-17T22:56:44+00:00","og_image":[{"width":2011,"height":2560,"url":"https:\/\/motodepo.ee\/wp-content\/uploads\/2025\/03\/mootoriremont-vm44-scaled.jpg","type":"image\/jpeg"}],"twitter_card":"summary_large_image","schema":{"@context":"https:\/\/schema.org","@graph":[{"@type":"WebPage","@id":"https:\/\/motodepo.ee\/et\/shop\/mootorid\/b57d30a-on-30-liitrine-kuues-reavahega-diiselmootor-copy\/","url":"https:\/\/motodepo.ee\/et\/shop\/mootorid\/b57d30a-on-30-liitrine-kuues-reavahega-diiselmootor-copy\/","name":"Taastatud VM44D mootor Jeep Grand Cherokee ja Chrysler 300C jaoks","isPartOf":{"@id":"https:\/\/motodepo.ee\/#website"},"primaryImageOfPage":{"@id":"https:\/\/motodepo.ee\/et\/shop\/mootorid\/b57d30a-on-30-liitrine-kuues-reavahega-diiselmootor-copy\/#primaryimage"},"image":{"@id":"https:\/\/motodepo.ee\/et\/shop\/mootorid\/b57d30a-on-30-liitrine-kuues-reavahega-diiselmootor-copy\/#primaryimage"},"thumbnailUrl":"https:\/\/motodepo.ee\/wp-content\/uploads\/2025\/03\/mootoriremont-vm44-scaled.jpg","datePublished":"2025-03-14T13:31:30+00:00","dateModified":"2025-03-17T22:56:44+00:00","description":"Osta t\u00e4ielikult taastatud 3,0-liitrine diiselmootor VM44D Jeep Grand Cherokee (2010\u20132021) ja Chrysler 300C (2012\u20132015) jaoks. Kvaliteetsed komponendid tagavad t\u00f6\u00f6kindluse ja j\u00f5udluse.","breadcrumb":{"@id":"https:\/\/motodepo.ee\/et\/shop\/mootorid\/b57d30a-on-30-liitrine-kuues-reavahega-diiselmootor-copy\/#breadcrumb"},"inLanguage":"et","potentialAction":[{"@type":"ReadAction","target":["https:\/\/motodepo.ee\/et\/shop\/mootorid\/b57d30a-on-30-liitrine-kuues-reavahega-diiselmootor-copy\/"]}]},{"@type":"ImageObject","inLanguage":"et","@id":"https:\/\/motodepo.ee\/et\/shop\/mootorid\/b57d30a-on-30-liitrine-kuues-reavahega-diiselmootor-copy\/#primaryimage","url":"https:\/\/motodepo.ee\/wp-content\/uploads\/2025\/03\/mootoriremont-vm44-scaled.jpg","contentUrl":"https:\/\/motodepo.ee\/wp-content\/uploads\/2025\/03\/mootoriremont-vm44-scaled.jpg","width":2011,"height":2560},{"@type":"BreadcrumbList","@id":"https:\/\/motodepo.ee\/et\/shop\/mootorid\/b57d30a-on-30-liitrine-kuues-reavahega-diiselmootor-copy\/#breadcrumb","itemListElement":[{"@type":"ListItem","position":1,"name":"Home","item":"https:\/\/motodepo.ee\/et\/"},{"@type":"ListItem","position":2,"name":"Kataloog","item":"https:\/\/motodepo.ee\/et\/shop\/"},{"@type":"ListItem","position":3,"name":"VM44D on 3,0-liitrine V6 diiselmootor"}]},{"@type":"WebSite","@id":"https:\/\/motodepo.ee\/#website","url":"https:\/\/motodepo.ee\/","name":"Motodepo - Mootoripood","description":"","potentialAction":[{"@type":"SearchAction","target":{"@type":"EntryPoint","urlTemplate":"https:\/\/motodepo.ee\/?s={search_term_string}"},"query-input":{"@type":"PropertyValueSpecification","valueRequired":true,"valueName":"search_term_string"}}],"inLanguage":"et"}]}},"_links":{"self":[{"href":"https:\/\/motodepo.ee\/et\/wp-json\/wp\/v2\/product\/5894","targetHints":{"allow":["GET"]}}],"collection":[{"href":"https:\/\/motodepo.ee\/et\/wp-json\/wp\/v2\/product"}],"about":[{"href":"https:\/\/motodepo.ee\/et\/wp-json\/wp\/v2\/types\/product"}],"version-history":[{"count":0,"href":"https:\/\/motodepo.ee\/et\/wp-json\/wp\/v2\/product\/5894\/revisions"}],"wp:featuredmedia":[{"embeddable":true,"href":"https:\/\/motodepo.ee\/et\/wp-json\/wp\/v2\/media\/5897"}],"wp:attachment":[{"href":"https:\/\/motodepo.ee\/et\/wp-json\/wp\/v2\/media?parent=5894"}],"wp:term":[{"taxonomy":"product_brand","embeddable":true,"href":"https:\/\/motodepo.ee\/et\/wp-json\/wp\/v2\/product_brand?post=5894"},{"taxonomy":"product_cat","embeddable":true,"href":"https:\/\/motodepo.ee\/et\/wp-json\/wp\/v2\/product_cat?post=5894"},{"taxonomy":"product_tag","embeddable":true,"href":"https:\/\/motodepo.ee\/et\/wp-json\/wp\/v2\/product_tag?post=5894"}],"curies":[{"name":"wp","href":"https:\/\/api.w.org\/{rel}","templated":true}]}}