{"id":5446,"date":"2025-03-10T14:15:30","date_gmt":"2025-03-10T14:15:30","guid":{"rendered":"https:\/\/motodepo.ee\/privacy-policy\/"},"modified":"2025-03-11T13:42:15","modified_gmt":"2025-03-11T13:42:15","slug":"privacy-policy","status":"publish","type":"page","link":"https:\/\/motodepo.ee\/et\/privacy-policy\/","title":{"rendered":"Privaatsuspoliitika"},"content":{"rendered":"\t\t<div data-elementor-type=\"wp-page\" data-elementor-id=\"5446\" class=\"elementor elementor-5446 elementor-5259\" data-elementor-post-type=\"page\">\n\t\t\t\t\t\t<section class=\"elementor-section elementor-top-section elementor-element elementor-element-c13eded elementor-section-boxed elementor-section-height-default elementor-section-height-default\" data-id=\"c13eded\" data-element_type=\"section\">\n\t\t\t\t\t\t<div class=\"elementor-container elementor-column-gap-default\">\n\t\t\t\t\t<div class=\"elementor-column elementor-col-100 elementor-top-column elementor-element elementor-element-e68cc15\" data-id=\"e68cc15\" data-element_type=\"column\">\n\t\t\t<div class=\"elementor-widget-wrap elementor-element-populated\">\n\t\t\t\t\t\t<div class=\"elementor-element elementor-element-7965f0a elementor-widget elementor-widget-text-editor\" data-id=\"7965f0a\" data-element_type=\"widget\" data-widget_type=\"text-editor.default\">\n\t\t\t\t<div class=\"elementor-widget-container\">\n\t\t\t\t\t\t\t\t\t<p><b>Viimati uuendatud:<\/b> 10.03.2025<\/p><h2><b>1. Sissejuhatus<\/b><\/h2><p><span style=\"font-weight: 400;\">Ettev\u00f5ttes <b>New Fast Service O\u00dc<\/b><\/span><span style=\"font-weight: 400;\">\u00a0p\u00fchendume teie privaatsuse kaitsmisele ja j\u00e4rgime <\/span><b>isikuandmete kaitse \u00fcldm\u00e4\u00e4rust (GDPR)<\/b><span style=\"font-weight: 400;\"> ning muid kohaldatavaid seadusi. See poliitika selgitab, kuidas kogume, kasutame, salvestame ja kaitseme teie isikuandmeid, kui k\u00fclastate meie veebisaiti <strong>https:\/\/motodepo.ee\/ <\/strong><\/span><span style=\"font-weight: 400;\">ja kasutate meie teenuseid.<\/span><\/p><h3><b>Kes me oleme (Andmet\u00f6\u00f6tleja teave)<\/b><\/h3><ul><li style=\"font-weight: 400;\" aria-level=\"1\"><b>Ettev\u00f5tte nimi:<\/b> New Fast Service O\u00dc<\/li><li style=\"font-weight: 400;\" aria-level=\"1\"><b>Aadress:<\/b><span style=\"font-weight: 400;\"> Plasti 18\/1, Tallinn, Harju maakond, 11415<\/span><\/li><li style=\"font-weight: 400;\" aria-level=\"1\"><b>E-post:<\/b><span style=\"font-weight: 400;\"> info@nfs.ee<\/span><\/li><li style=\"font-weight: 400;\" aria-level=\"1\"><b>Telefon:<\/b> <span style=\"font-weight: 400;\">+372 585 15723<\/span><\/li><\/ul><p><span style=\"font-weight: 400;\">Kui teil on k\u00fcsimusi selle poliitika kohta, v\u00f5tke meiega \u00fchendust aadressil <strong>info@nfs.ee<\/strong><\/span><span style=\"font-weight: 400;\">.<\/span><\/p><h2><b>2. Milliseid isikuandmeid me kogume<\/b><\/h2><p><span style=\"font-weight: 400;\">Me kogume ja t\u00f6\u00f6tleme j\u00e4rgmisi isikuandmete kategooriaid:<\/span><\/p><h3><b>A. Teie poolt vabatahtlikult esitatud teave<\/b><\/h3><ul><li style=\"font-weight: 400;\" aria-level=\"1\"><b>Identiteediandmed:<\/b><span style=\"font-weight: 400;\"> Nimi, ettev\u00f5tte nimi<\/span><\/li><li style=\"font-weight: 400;\" aria-level=\"1\"><b>Kontaktandmed:<\/b><span style=\"font-weight: 400;\"> E-posti aadress, telefoninumber<\/span><\/li><li style=\"font-weight: 400;\" aria-level=\"1\"><b>Suhtlusandmed:<\/b><span style=\"font-weight: 400;\"> S\u00f5numid, tagasiside v\u00f5i p\u00e4ringud, mida saadate meile kontaktvormide kaudu<\/span><\/li><\/ul><h3><b>B. Automaatne andmete kogumine<\/b><\/h3><ul><li style=\"font-weight: 400;\" aria-level=\"1\"><b>Logiandmed:<\/b><span style=\"font-weight: 400;\"> IP-aadress, brauseri t\u00fc\u00fcp, operatsioonis\u00fcsteem, viitavad URL-id, k\u00fclastatud lehed, lehtedel viibimise aeg<\/span><\/li><li style=\"font-weight: 400;\" aria-level=\"1\"><b>Seadme andmed:<\/b><span style=\"font-weight: 400;\"> Seadme t\u00fc\u00fcp, unikaalsed seadmetuvastajad, geolokatsioon (kui lubatud)<\/span><\/li><li style=\"font-weight: 400;\" aria-level=\"1\"><b>K\u00fcpsised ja j\u00e4lgimistehnoloogiad:<\/b><span style=\"font-weight: 400;\"> Vaata jaotist <\/span><b>8 &#8211; K\u00fcpsised ja j\u00e4lgimistehnoloogiad<\/b><\/li><\/ul><p><span style=\"font-weight: 400;\">Me ei t\u00f6\u00f6tle teadlikult alla 16-aastaste isikute andmeid ilma vanema n\u00f5usolekuta.<\/span><\/p><h2><b>3. Isikuandmete t\u00f6\u00f6tlemise \u00f5iguslikud alused<\/b><\/h2><p><span style=\"font-weight: 400;\">T\u00f6\u00f6tleme teie isikuandmeid j\u00e4rgmiste <\/span><b>GDPR-i alusel kehtestatud \u00f5iguslike alustega<\/b><span style=\"font-weight: 400;\">:<\/span><\/p><ol><li style=\"font-weight: 400;\" aria-level=\"1\"><b>Teie n\u00f5usolek (artikkel 6(1)(a))<\/b><span style=\"font-weight: 400;\"> \u2013 Kui t\u00e4idate kontaktivormi v\u00f5i n\u00f5ustute turundusteadetega.<\/span><\/li><li style=\"font-weight: 400;\" aria-level=\"1\"><b>Lepingu t\u00e4itmine (artikkel 6(1)(b))<\/b><span style=\"font-weight: 400;\"> \u2013 Kui t\u00f6\u00f6tlemine on vajalik teie teenusetaotluse t\u00e4itmiseks.<\/span><\/li><li style=\"font-weight: 400;\" aria-level=\"1\"><b>\u00d5igustatud huvi (artikkel 6(1)(f))<\/b><span style=\"font-weight: 400;\"> \u2013 Kui anal\u00fc\u00fcsime veebilehe liiklust kasutajakogemuse parandamiseks.<\/span><\/li><li style=\"font-weight: 400;\" aria-level=\"1\"><b>Juriidiline kohustus (artikkel 6(1)(c))<\/b><span style=\"font-weight: 400;\"> \u2013 Kui seadus n\u00f5uab isikuandmete t\u00f6\u00f6tlemist (nt finantsarvestus, pettuste v\u00e4ltimine).<\/span><\/li><\/ol><p><span style=\"font-weight: 400;\">V\u00f5ite oma n\u00f5usoleku igal ajal tagasi v\u00f5tta, v\u00f5ttes meiega \u00fchendust aadressil <strong>info@nfs.ee<\/strong><\/span><span style=\"font-weight: 400;\">.<\/span><\/p><h2><b>4. Kuidas me teie andmeid kasutame<\/b><\/h2><p><span style=\"font-weight: 400;\">Kogume, salvestame ja t\u00f6\u00f6tleme teie isikuandmeid j\u00e4rgmistel eesm\u00e4rkidel:<\/span><\/p><ul><li style=\"font-weight: 400;\" aria-level=\"1\"><span style=\"font-weight: 400;\">Vastame teie p\u00e4ringutele ja teenusetaotlustele<\/span><\/li><li style=\"font-weight: 400;\" aria-level=\"1\"><span style=\"font-weight: 400;\">Parandame kasutajakogemust anal\u00fc\u00fctika abil<\/span><\/li><li style=\"font-weight: 400;\" aria-level=\"1\"><span style=\"font-weight: 400;\">Suhtleme teiega seoses p\u00e4ringute, toe ja uuendustega<\/span><\/li><li style=\"font-weight: 400;\" aria-level=\"1\"><span style=\"font-weight: 400;\">Saadame turundusteavet (kui olete selleks n\u00f5usoleku andnud)<\/span><\/li><li style=\"font-weight: 400;\" aria-level=\"1\"><span style=\"font-weight: 400;\">Tagame veebilehe turvalisuse ja v\u00e4ldime pettusi<\/span><\/li><li style=\"font-weight: 400;\" aria-level=\"1\"><span style=\"font-weight: 400;\">T\u00e4idame juriidilisi kohustusi<\/span><\/li><\/ul><p><span style=\"font-weight: 400;\">Me <\/span><b>ei kasuta<\/b><span style=\"font-weight: 400;\"> teie andmeid automatiseeritud otsuste tegemiseks ega profiilianal\u00fc\u00fcsiks.<\/span><\/p><h2><b>5. Kui kaua me teie andmeid s\u00e4ilitame<\/b><\/h2><p><span style=\"font-weight: 400;\">S\u00e4ilitame teie isikuandmeid ainult nii kaua, kui see on vajalik:<\/span><\/p><ul><li style=\"font-weight: 400;\" aria-level=\"1\"><b>Turundusandmed<\/b><span style=\"font-weight: 400;\"> \u2013 Kuni <\/span><b>2 aastat<\/b><span style=\"font-weight: 400;\"> v\u00f5i kuni v\u00f5tate n\u00f5usoleku tagasi<\/span><\/li><li style=\"font-weight: 400;\" aria-level=\"1\"><b>P\u00e4ringute ja kontaktivormide andmed<\/b><span style=\"font-weight: 400;\"> \u2013 <\/span><b>12 kuud<\/b><span style=\"font-weight: 400;\"> p\u00e4rast viimast suhtlust<\/span><\/li><li style=\"font-weight: 400;\" aria-level=\"1\"><b>Anal\u00fc\u00fctika andmed<\/b><span style=\"font-weight: 400;\"> \u2013 <\/span><b>26 kuud<\/b><span style=\"font-weight: 400;\"> (Google Analytics vaikimisi s\u00e4ilitamise periood)<\/span><\/li><\/ul><p><span style=\"font-weight: 400;\">Kui andmeid enam ei vajata, kustutame v\u00f5i anon\u00fc\u00fcmime need.<\/span><\/p><h2><b>6. Andmete jagamine ja edastamine<\/b><\/h2><p><span style=\"font-weight: 400;\">V\u00f5ime jagada teie andmeid j\u00e4rgnevate osapooltega:<\/span><\/p><ul><li style=\"font-weight: 400;\" aria-level=\"1\"><b>Kolmandate osapoolte teenusepakkujad<\/b><span style=\"font-weight: 400;\"> (hosting, anal\u00fc\u00fctika, e-postiturundus)<\/span><\/li><li style=\"font-weight: 400;\" aria-level=\"1\"><b>Regulatiivsed asutused<\/b><span style=\"font-weight: 400;\">, kui seadus seda n\u00f5uab<\/span><\/li><li style=\"font-weight: 400;\" aria-level=\"1\"><b>\u00c4ripartnerid<\/b><span style=\"font-weight: 400;\">, ainult teie n\u00f5usolekul<\/span><\/li><\/ul><p><span style=\"font-weight: 400;\">Kui edastame andmeid v\u00e4ljapoole <\/span><b>Euroopa Majanduspiirkonda (EEA)<\/b><span style=\"font-weight: 400;\">, tagame vastavuse GDPR-i kaitsemeetmetega, n\u00e4iteks <\/span><b>Euroopa Komisjoni heakskiidetud standardsete andmekaitseklauslitega (SCCs)<\/b><span style=\"font-weight: 400;\">.<\/span><\/p><h2><b>7. Teie GDPR \u00f5igused<\/b><\/h2><p><span style=\"font-weight: 400;\">GDPR-i alusel on teil j\u00e4rgmised \u00f5igused: <\/span><span style=\"font-weight: 400;\"><br \/><\/span><span style=\"font-weight: 400;\"><br \/><\/span><span style=\"font-weight: 400;\">\u2705 <\/span><b>Juurdep\u00e4\u00e4s<\/b><span style=\"font-weight: 400;\"> \u2013 Saate taotleda koopiat oma isikuandmetest <\/span><span style=\"font-weight: 400;\"><br \/><\/span><span style=\"font-weight: 400;\">\u2705 <\/span><b>Parandus<\/b><span style=\"font-weight: 400;\"> \u2013 Vigade v\u00f5i puudulike andmete parandamine <\/span><span style=\"font-weight: 400;\"><br \/><\/span><span style=\"font-weight: 400;\">\u2705 <\/span><b>Kustutamine (&#8220;\u00d5igus olla unustatud&#8221;)<\/b><span style=\"font-weight: 400;\"> \u2013 V\u00f5ite taotleda oma andmete kustutamist (v\u00e4lja arvatud juhul, kui seadus n\u00f5uab s\u00e4ilitamist) <\/span><span style=\"font-weight: 400;\"><br \/><\/span><span style=\"font-weight: 400;\">\u2705 <\/span><b>T\u00f6\u00f6tlemise piiramine<\/b><span style=\"font-weight: 400;\"> \u2013 V\u00f5ite piirata oma andmete kasutamist <\/span><span style=\"font-weight: 400;\"><br \/><\/span><span style=\"font-weight: 400;\">\u2705 <\/span><b>Andmete \u00fclekantavus<\/b><span style=\"font-weight: 400;\"> \u2013 Saate oma andmed struktureeritud vormingus <\/span><span style=\"font-weight: 400;\"><br \/><\/span><span style=\"font-weight: 400;\">\u2705 <\/span><b>Vastuv\u00e4ide<\/b><span style=\"font-weight: 400;\"> \u2013 V\u00f5ite loobuda turundusest v\u00f5i \u00f5igustatud huvi alusel andmet\u00f6\u00f6tlusest<\/span><\/p><p><span style=\"font-weight: 400;\">Nende \u00f5iguste kasutamiseks v\u00f5tke meiega \u00fchendust aadressil <strong>info@nfs.ee<\/strong><\/span><span style=\"font-weight: 400;\">.<\/span><\/p><p><span style=\"font-weight: 400;\">Kui leiate, et me ei t\u00f6\u00f6tle teie andmeid \u00f5igusp\u00e4raselt, v\u00f5ite esitada kaebuse oma kohalikule <\/span><b>Andmekaitseasutusele (DPA)<\/b><span style=\"font-weight: 400;\">. EL-i DPA-de nimekirja leiate siit: <\/span><b>https:\/\/www.edpb.europa.eu\/about-edpb\/about-edpb\/members_en<\/b><\/p><h2><b>8. K\u00fcpsised ja j\u00e4lgimistehnoloogiad<\/b><\/h2><p><span style=\"font-weight: 400;\">Kasutame k\u00fcpsiseid kasutajakogemuse parandamiseks. Meie veebileht kasutab:<\/span><\/p><ul><li style=\"font-weight: 400;\" aria-level=\"1\"><b>Olulised k\u00fcpsised<\/b><span style=\"font-weight: 400;\"> (veebisaidi toimimiseks)<\/span><\/li><li style=\"font-weight: 400;\" aria-level=\"1\"><b>Anal\u00fc\u00fctika k\u00fcpsised<\/b><span style=\"font-weight: 400;\"> (Google Analytics, Hotjar)<\/span><\/li><\/ul><p><b>Saate hallata oma k\u00fcpsiste eelistusi oma brauseri seadetes.<\/b><span style=\"font-weight: 400;\"> Meil ei ole eraldi k\u00fcpsiste poliitika lehte, kuna kasutame ainult olulisi ja anal\u00fc\u00fctika k\u00fcpsiseid. Lisateabe saamiseks v\u00f5tke \u00fchendust aadressil <strong>info@nfs.ee<\/strong><\/span><span style=\"font-weight: 400;\">.<\/span><\/p><h2><b>9. Turvameetmed<\/b><\/h2><p><span style=\"font-weight: 400;\">Rakendame turvameetmeid teie isikuandmete kaitsmiseks, sealhulgas: <\/span><span style=\"font-weight: 400;\"><br \/><\/span><span style=\"font-weight: 400;\"><br \/><\/span><span style=\"font-weight: 400;\">\ud83d\udd39 <\/span><b>Andmete kr\u00fcptimine (HTTPS, SSL\/TLS)<\/b> <span style=\"font-weight: 400;\"><br \/><\/span><span style=\"font-weight: 400;\">\ud83d\udd39 <\/span><b>Juurdep\u00e4\u00e4sukontroll ja autentimine<\/b> <span style=\"font-weight: 400;\"><br \/><\/span><span style=\"font-weight: 400;\">\ud83d\udd39 <\/span><b>Regulaarsed turvaauditid<\/b><\/p><p><span style=\"font-weight: 400;\">Siiski pole \u00fckski andmeedastus 100% turvaline. Kasutajad vastutavad oma paroolide turvalisuse eest.<\/span><\/p><h2><b>10. Selle privaatsuspoliitika muudatused<\/b><\/h2><p><span style=\"font-weight: 400;\">V\u00f5ime seda poliitikat aeg-ajalt uuendada. Muudatused postitatakse samale lingile. Kui muudatused on olulised, teavitame registreeritud kasutajaid.<\/span><\/p><h2><b>11. Kontaktinfo<\/b><\/h2><p><span style=\"font-weight: 400;\">K\u00f5igi privaatsuspoliitikaga seotud k\u00fcsimuste korral v\u00f5tke meiega \u00fchendust:<\/span><\/p><ul><li style=\"font-weight: 400;\" aria-level=\"1\"><b>E-post:<\/b> <strong>info@nfs.ee<\/strong><\/li><li style=\"font-weight: 400;\" aria-level=\"1\"><b>Aadress:<\/b> Plasti 18\/1, Tallinn, Harju maakond, 11415<\/li><\/ul>\t\t\t\t\t\t\t\t<\/div>\n\t\t\t\t<\/div>\n\t\t\t\t\t<\/div>\n\t\t<\/div>\n\t\t\t\t\t<\/div>\n\t\t<\/section>\n\t\t\t\t<\/div>\n\t\t","protected":false},"excerpt":{"rendered":"<p>Viimati uuendatud: 10.03.2025 1. Sissejuhatus Ettev\u00f5ttes New Fast Service O\u00dc\u00a0p\u00fchendume teie privaatsuse kaitsmisele ja j\u00e4rgime isikuandmete kaitse \u00fcldm\u00e4\u00e4rust (GDPR) ning muid kohaldatavaid seadusi. See poliitika selgitab, kuidas kogume, kasutame, salvestame ja kaitseme teie isikuandmeid, kui k\u00fclastate meie veebisaiti https:\/\/motodepo.ee\/ ja kasutate meie teenuseid. Kes me oleme (Andmet\u00f6\u00f6tleja teave) Ettev\u00f5tte nimi: New Fast Service O\u00dc Aadress:&#8230;<\/p>\n","protected":false},"author":1,"featured_media":0,"parent":0,"menu_order":0,"comment_status":"closed","ping_status":"closed","template":"","meta":{"footnotes":""},"class_list":["post-5446","page","type-page","status-publish","hentry"],"yoast_head":"<!-- This site is optimized with the Yoast SEO plugin v24.6 - https:\/\/yoast.com\/wordpress\/plugins\/seo\/ -->\n<title>Privaatsuspoliitika - Motodepo - Mootoripood<\/title>\n<meta name=\"robots\" content=\"index, follow, max-snippet:-1, max-image-preview:large, max-video-preview:-1\" \/>\n<link rel=\"canonical\" href=\"https:\/\/motodepo.ee\/et\/privacy-policy\/\" \/>\n<meta property=\"og:locale\" content=\"et_EE\" \/>\n<meta property=\"og:type\" content=\"article\" \/>\n<meta property=\"og:title\" content=\"Privaatsuspoliitika - Motodepo - Mootoripood\" \/>\n<meta property=\"og:description\" content=\"Viimati uuendatud: 10.03.2025 1. Sissejuhatus Ettev\u00f5ttes New Fast Service O\u00dc\u00a0p\u00fchendume teie privaatsuse kaitsmisele ja j\u00e4rgime isikuandmete kaitse \u00fcldm\u00e4\u00e4rust (GDPR) ning muid kohaldatavaid seadusi. See poliitika selgitab, kuidas kogume, kasutame, salvestame ja kaitseme teie isikuandmeid, kui k\u00fclastate meie veebisaiti https:\/\/motodepo.ee\/ ja kasutate meie teenuseid. Kes me oleme (Andmet\u00f6\u00f6tleja teave) Ettev\u00f5tte nimi: New Fast Service O\u00dc Aadress:...\" \/>\n<meta property=\"og:url\" content=\"https:\/\/motodepo.ee\/et\/privacy-policy\/\" \/>\n<meta property=\"og:site_name\" content=\"Motodepo - Mootoripood\" \/>\n<meta property=\"article:modified_time\" content=\"2025-03-11T13:42:15+00:00\" \/>\n<meta name=\"twitter:card\" content=\"summary_large_image\" \/>\n<meta name=\"twitter:label1\" content=\"Est. reading time\" \/>\n\t<meta name=\"twitter:data1\" content=\"6 minutit\" \/>\n<script type=\"application\/ld+json\" class=\"yoast-schema-graph\">{\"@context\":\"https:\/\/schema.org\",\"@graph\":[{\"@type\":\"WebPage\",\"@id\":\"https:\/\/motodepo.ee\/et\/privacy-policy\/\",\"url\":\"https:\/\/motodepo.ee\/et\/privacy-policy\/\",\"name\":\"Privaatsuspoliitika - Motodepo - Mootoripood\",\"isPartOf\":{\"@id\":\"https:\/\/motodepo.ee\/#website\"},\"datePublished\":\"2025-03-10T14:15:30+00:00\",\"dateModified\":\"2025-03-11T13:42:15+00:00\",\"breadcrumb\":{\"@id\":\"https:\/\/motodepo.ee\/et\/privacy-policy\/#breadcrumb\"},\"inLanguage\":\"et\",\"potentialAction\":[{\"@type\":\"ReadAction\",\"target\":[\"https:\/\/motodepo.ee\/et\/privacy-policy\/\"]}]},{\"@type\":\"BreadcrumbList\",\"@id\":\"https:\/\/motodepo.ee\/et\/privacy-policy\/#breadcrumb\",\"itemListElement\":[{\"@type\":\"ListItem\",\"position\":1,\"name\":\"Home\",\"item\":\"https:\/\/motodepo.ee\/et\/\"},{\"@type\":\"ListItem\",\"position\":2,\"name\":\"Privaatsuspoliitika\"}]},{\"@type\":\"WebSite\",\"@id\":\"https:\/\/motodepo.ee\/#website\",\"url\":\"https:\/\/motodepo.ee\/\",\"name\":\"Motodepo - Mootoripood\",\"description\":\"\",\"potentialAction\":[{\"@type\":\"SearchAction\",\"target\":{\"@type\":\"EntryPoint\",\"urlTemplate\":\"https:\/\/motodepo.ee\/?s={search_term_string}\"},\"query-input\":{\"@type\":\"PropertyValueSpecification\",\"valueRequired\":true,\"valueName\":\"search_term_string\"}}],\"inLanguage\":\"et\"}]}<\/script>\n<!-- \/ Yoast SEO plugin. -->","yoast_head_json":{"title":"Privaatsuspoliitika - Motodepo - Mootoripood","robots":{"index":"index","follow":"follow","max-snippet":"max-snippet:-1","max-image-preview":"max-image-preview:large","max-video-preview":"max-video-preview:-1"},"canonical":"https:\/\/motodepo.ee\/et\/privacy-policy\/","og_locale":"et_EE","og_type":"article","og_title":"Privaatsuspoliitika - Motodepo - Mootoripood","og_description":"Viimati uuendatud: 10.03.2025 1. Sissejuhatus Ettev\u00f5ttes New Fast Service O\u00dc\u00a0p\u00fchendume teie privaatsuse kaitsmisele ja j\u00e4rgime isikuandmete kaitse \u00fcldm\u00e4\u00e4rust (GDPR) ning muid kohaldatavaid seadusi. See poliitika selgitab, kuidas kogume, kasutame, salvestame ja kaitseme teie isikuandmeid, kui k\u00fclastate meie veebisaiti https:\/\/motodepo.ee\/ ja kasutate meie teenuseid. Kes me oleme (Andmet\u00f6\u00f6tleja teave) Ettev\u00f5tte nimi: New Fast Service O\u00dc Aadress:...","og_url":"https:\/\/motodepo.ee\/et\/privacy-policy\/","og_site_name":"Motodepo - Mootoripood","article_modified_time":"2025-03-11T13:42:15+00:00","twitter_card":"summary_large_image","twitter_misc":{"Est. reading time":"6 minutit"},"schema":{"@context":"https:\/\/schema.org","@graph":[{"@type":"WebPage","@id":"https:\/\/motodepo.ee\/et\/privacy-policy\/","url":"https:\/\/motodepo.ee\/et\/privacy-policy\/","name":"Privaatsuspoliitika - Motodepo - Mootoripood","isPartOf":{"@id":"https:\/\/motodepo.ee\/#website"},"datePublished":"2025-03-10T14:15:30+00:00","dateModified":"2025-03-11T13:42:15+00:00","breadcrumb":{"@id":"https:\/\/motodepo.ee\/et\/privacy-policy\/#breadcrumb"},"inLanguage":"et","potentialAction":[{"@type":"ReadAction","target":["https:\/\/motodepo.ee\/et\/privacy-policy\/"]}]},{"@type":"BreadcrumbList","@id":"https:\/\/motodepo.ee\/et\/privacy-policy\/#breadcrumb","itemListElement":[{"@type":"ListItem","position":1,"name":"Home","item":"https:\/\/motodepo.ee\/et\/"},{"@type":"ListItem","position":2,"name":"Privaatsuspoliitika"}]},{"@type":"WebSite","@id":"https:\/\/motodepo.ee\/#website","url":"https:\/\/motodepo.ee\/","name":"Motodepo - Mootoripood","description":"","potentialAction":[{"@type":"SearchAction","target":{"@type":"EntryPoint","urlTemplate":"https:\/\/motodepo.ee\/?s={search_term_string}"},"query-input":{"@type":"PropertyValueSpecification","valueRequired":true,"valueName":"search_term_string"}}],"inLanguage":"et"}]}},"_links":{"self":[{"href":"https:\/\/motodepo.ee\/et\/wp-json\/wp\/v2\/pages\/5446","targetHints":{"allow":["GET"]}}],"collection":[{"href":"https:\/\/motodepo.ee\/et\/wp-json\/wp\/v2\/pages"}],"about":[{"href":"https:\/\/motodepo.ee\/et\/wp-json\/wp\/v2\/types\/page"}],"author":[{"embeddable":true,"href":"https:\/\/motodepo.ee\/et\/wp-json\/wp\/v2\/users\/1"}],"replies":[{"embeddable":true,"href":"https:\/\/motodepo.ee\/et\/wp-json\/wp\/v2\/comments?post=5446"}],"version-history":[{"count":0,"href":"https:\/\/motodepo.ee\/et\/wp-json\/wp\/v2\/pages\/5446\/revisions"}],"wp:attachment":[{"href":"https:\/\/motodepo.ee\/et\/wp-json\/wp\/v2\/media?parent=5446"}],"curies":[{"name":"wp","href":"https:\/\/api.w.org\/{rel}","templated":true}]}}