{"id":5417,"date":"2025-03-10T15:05:12","date_gmt":"2025-03-10T15:05:12","guid":{"rendered":"https:\/\/motodepo.ee\/service-2\/"},"modified":"2025-03-14T10:52:17","modified_gmt":"2025-03-14T10:52:17","slug":"silindripea-remont","status":"publish","type":"page","link":"https:\/\/motodepo.ee\/et\/silindripea-remont\/","title":{"rendered":"Silindripea remont"},"content":{"rendered":"\t\t<div data-elementor-type=\"wp-page\" data-elementor-id=\"5417\" class=\"elementor elementor-5417 elementor-5293\" data-elementor-post-type=\"page\">\n\t\t\t\t\t\t<section class=\"elementor-section elementor-top-section elementor-element elementor-element-eecb0f8 elementor-section-boxed elementor-section-height-default elementor-section-height-default\" data-id=\"eecb0f8\" data-element_type=\"section\">\n\t\t\t\t\t\t<div class=\"elementor-container elementor-column-gap-default\">\n\t\t\t\t\t<div class=\"elementor-column elementor-col-33 elementor-top-column elementor-element elementor-element-c0b327d services_sidebar\" data-id=\"c0b327d\" data-element_type=\"column\">\n\t\t\t<div class=\"elementor-widget-wrap elementor-element-populated\">\n\t\t\t\t\t\t<div class=\"elementor-element elementor-element-f568d5b elementor-align-justify elementor-widget elementor-widget-button\" data-id=\"f568d5b\" data-element_type=\"widget\" data-widget_type=\"button.default\">\n\t\t\t\t<div class=\"elementor-widget-container\">\n\t\t\t\t\t\t\t\t\t<div class=\"elementor-button-wrapper\">\n\t\t\t\t\t<a class=\"elementor-button elementor-button-link elementor-size-sm\" href=\"\/et\/vantvolli-pindamine\/\">\n\t\t\t\t\t\t<span class=\"elementor-button-content-wrapper\">\n\t\t\t\t\t\t\t\t\t<span class=\"elementor-button-text\">V\u00e4ntv\u00f5lli peapuuride pindamine<\/span>\n\t\t\t\t\t<\/span>\n\t\t\t\t\t<\/a>\n\t\t\t\t<\/div>\n\t\t\t\t\t\t\t\t<\/div>\n\t\t\t\t<\/div>\n\t\t\t\t<div class=\"elementor-element elementor-element-c47dc3e elementor-align-justify elementor-widget elementor-widget-button\" data-id=\"c47dc3e\" data-element_type=\"widget\" data-widget_type=\"button.default\">\n\t\t\t\t<div class=\"elementor-widget-container\">\n\t\t\t\t\t\t\t\t\t<div class=\"elementor-button-wrapper\">\n\t\t\t\t\t<a class=\"elementor-button elementor-button-link elementor-size-sm\" href=\"\/et\/silindripea-remont\/\">\n\t\t\t\t\t\t<span class=\"elementor-button-content-wrapper\">\n\t\t\t\t\t\t\t\t\t<span class=\"elementor-button-text\">Silindripea remont<\/span>\n\t\t\t\t\t<\/span>\n\t\t\t\t\t<\/a>\n\t\t\t\t<\/div>\n\t\t\t\t\t\t\t\t<\/div>\n\t\t\t\t<\/div>\n\t\t\t\t<div class=\"elementor-element elementor-element-78630c9 elementor-align-justify elementor-widget elementor-widget-button\" data-id=\"78630c9\" data-element_type=\"widget\" data-widget_type=\"button.default\">\n\t\t\t\t<div class=\"elementor-widget-container\">\n\t\t\t\t\t\t\t\t\t<div class=\"elementor-button-wrapper\">\n\t\t\t\t\t<a class=\"elementor-button elementor-button-link elementor-size-sm\" href=\"\/et\/silindripea-lihvimine\/\">\n\t\t\t\t\t\t<span class=\"elementor-button-content-wrapper\">\n\t\t\t\t\t\t\t\t\t<span class=\"elementor-button-text\">Silindripea lihvimine<\/span>\n\t\t\t\t\t<\/span>\n\t\t\t\t\t<\/a>\n\t\t\t\t<\/div>\n\t\t\t\t\t\t\t\t<\/div>\n\t\t\t\t<\/div>\n\t\t\t\t<div class=\"elementor-element elementor-element-4a7381e elementor-align-justify elementor-widget elementor-widget-button\" data-id=\"4a7381e\" data-element_type=\"widget\" data-widget_type=\"button.default\">\n\t\t\t\t<div class=\"elementor-widget-container\">\n\t\t\t\t\t\t\t\t\t<div class=\"elementor-button-wrapper\">\n\t\t\t\t\t<a class=\"elementor-button elementor-button-link elementor-size-sm\" href=\"\/et\/ultraheli-klapikambrikaane-pesu\/\">\n\t\t\t\t\t\t<span class=\"elementor-button-content-wrapper\">\n\t\t\t\t\t\t\t\t\t<span class=\"elementor-button-text\">Ultraheli klapikambrikaane pesu<\/span>\n\t\t\t\t\t<\/span>\n\t\t\t\t\t<\/a>\n\t\t\t\t<\/div>\n\t\t\t\t\t\t\t\t<\/div>\n\t\t\t\t<\/div>\n\t\t\t\t\t<\/div>\n\t\t<\/div>\n\t\t\t\t<div class=\"elementor-column elementor-col-66 elementor-top-column elementor-element elementor-element-faaa6f9\" data-id=\"faaa6f9\" data-element_type=\"column\">\n\t\t\t<div class=\"elementor-widget-wrap elementor-element-populated\">\n\t\t\t\t\t\t<div class=\"elementor-element elementor-element-9016458 elementor-widget elementor-widget-heading\" data-id=\"9016458\" data-element_type=\"widget\" data-widget_type=\"heading.default\">\n\t\t\t\t<div class=\"elementor-widget-container\">\n\t\t\t\t\t<h2 class=\"elementor-heading-title elementor-size-default\">Silindripea remont \u2013 mootori v\u00f5imsuse ja t\u00f6\u00f6kindluse taastamine\n<\/h2>\t\t\t\t<\/div>\n\t\t\t\t<\/div>\n\t\t\t\t<div class=\"elementor-element elementor-element-19351b5 elementor-widget elementor-widget-image\" data-id=\"19351b5\" data-element_type=\"widget\" data-widget_type=\"image.default\">\n\t\t\t\t<div class=\"elementor-widget-container\">\n\t\t\t\t\t\t\t\t\t\t\t\t\t\t\t<img fetchpriority=\"high\" decoding=\"async\" width=\"1170\" height=\"780\" src=\"https:\/\/motodepo.ee\/wp-content\/uploads\/2025\/02\/banner-2-1170x780.jpg\" class=\"attachment-large size-large wp-image-5117\" alt=\"\" srcset=\"https:\/\/motodepo.ee\/wp-content\/uploads\/2025\/02\/banner-2-1170x780.jpg 1170w, https:\/\/motodepo.ee\/wp-content\/uploads\/2025\/02\/banner-2-400x267.jpg 400w, https:\/\/motodepo.ee\/wp-content\/uploads\/2025\/02\/banner-2-768x512.jpg 768w, https:\/\/motodepo.ee\/wp-content\/uploads\/2025\/02\/banner-2-1536x1024.jpg 1536w, https:\/\/motodepo.ee\/wp-content\/uploads\/2025\/02\/banner-2-1920x1280.jpg 1920w, https:\/\/motodepo.ee\/wp-content\/uploads\/2025\/02\/banner-2-234x156.jpg 234w, https:\/\/motodepo.ee\/wp-content\/uploads\/2025\/02\/banner-2-500x333.jpg 500w, https:\/\/motodepo.ee\/wp-content\/uploads\/2025\/02\/banner-2.jpg 2000w\" sizes=\"(max-width: 1170px) 100vw, 1170px\" \/>\t\t\t\t\t\t\t\t\t\t\t\t\t\t\t<\/div>\n\t\t\t\t<\/div>\n\t\t\t\t<div class=\"elementor-element elementor-element-fbb7f23 elementor-widget elementor-widget-text-editor\" data-id=\"fbb7f23\" data-element_type=\"widget\" data-widget_type=\"text-editor.default\">\n\t\t\t\t<div class=\"elementor-widget-container\">\n\t\t\t\t\t\t\t\t\t<p>Silindripea on mootori oluline osa, mille seisund m\u00f5jutab selle j\u00f5udlust. \u00dclekuumenemine, tihendi l\u00e4bip\u00f5lemine, praod v\u00f5i klappide kulumine v\u00f5ivad p\u00f5hjustada v\u00f5imsuse langust, liigset \u00f5likulu ja mootori \u00fclekuumenemist. <\/p>\n\t\t\t\t\t\t\t\t<\/div>\n\t\t\t\t<\/div>\n\t\t\t\t<div class=\"elementor-element elementor-element-69213b1 elementor-widget elementor-widget-heading\" data-id=\"69213b1\" data-element_type=\"widget\" data-widget_type=\"heading.default\">\n\t\t\t\t<div class=\"elementor-widget-container\">\n\t\t\t\t\t<h2 class=\"elementor-heading-title elementor-size-default\">Meie silindripea remonditeenused sisaldavad:\n<\/h2>\t\t\t\t<\/div>\n\t\t\t\t<\/div>\n\t\t\t\t<div class=\"elementor-element elementor-element-c3186ea elementor-widget elementor-widget-text-editor\" data-id=\"c3186ea\" data-element_type=\"widget\" data-widget_type=\"text-editor.default\">\n\t\t\t\t<div class=\"elementor-widget-container\">\n\t\t\t\t\t\t\t\t\t<p>\u2714 <strong data-start=\"2109\" data-end=\"2137\">Diagnostikat ja kontrolli<\/strong> \u2013 pragude, klappide ja juhtpukside seisukorra kontroll.<br data-start=\"2193\" data-end=\"2196\">\u2714 <strong data-start=\"2198\" data-end=\"2221\">Pinna freesimist<\/strong> \u2013 silindripea t\u00e4pse geomeetria taastamine.<br data-start=\"2269\" data-end=\"2272\">\u2714 <strong data-start=\"2274\" data-end=\"2305\">Klappide vahetus ja lihvimine<\/strong> \u2013 optimaalse kompressiooni ja p\u00f5lemise tagamiseks.<br data-start=\"2352\" data-end=\"2355\">\u2714 <strong data-start=\"2357\" data-end=\"2393\">Klapi juhtpukside ja pesade remont<\/strong> \u2013 ventiilide l\u00f5tku k\u00f5rvaldamine.<br data-start=\"2419\" data-end=\"2422\">\u2714 <strong data-start=\"2424\" data-end=\"2454\">H\u00fcdraulilised r\u00f5hutestid<\/strong> \u2013 tihenduse kontroll.<\/p>\n\t\t\t\t\t\t\t\t<\/div>\n\t\t\t\t<\/div>\n\t\t\t\t<div class=\"elementor-element elementor-element-e0a9a69 elementor-widget elementor-widget-heading\" data-id=\"e0a9a69\" data-element_type=\"widget\" data-widget_type=\"heading.default\">\n\t\t\t\t<div class=\"elementor-widget-container\">\n\t\t\t\t\t<h2 class=\"elementor-heading-title elementor-size-default\">Millal on vaja silindripea remonti?\n<\/h2>\t\t\t\t<\/div>\n\t\t\t\t<\/div>\n\t\t\t\t<div class=\"elementor-element elementor-element-12c3d06 elementor-widget elementor-widget-text-editor\" data-id=\"12c3d06\" data-element_type=\"widget\" data-widget_type=\"text-editor.default\">\n\t\t\t\t<div class=\"elementor-widget-container\">\n\t\t\t\t\t\t\t\t\t<p>\u2714 Mootori \u00fclekuumenemine.<br data-start=\"2557\" data-end=\"2560\">\u2714 V\u00f5imsuse ja kompressiooni kaotus.<br data-start=\"2591\" data-end=\"2594\">\u2714 Suurenenud \u00f5li v\u00f5i jahutusvedeliku kulu.<br data-start=\"2633\" data-end=\"2636\">\u2714 Ebatavaline v\u00e4ljalaskesuits (valge, sinine v\u00f5i must).<\/p>\n\t\t\t\t\t\t\t\t<\/div>\n\t\t\t\t<\/div>\n\t\t\t\t<div class=\"elementor-element elementor-element-6865c12 elementor-widget elementor-widget-heading\" data-id=\"6865c12\" data-element_type=\"widget\" data-widget_type=\"heading.default\">\n\t\t\t\t<div class=\"elementor-widget-container\">\n\t\t\t\t\t<h2 class=\"elementor-heading-title elementor-size-default\">Miks valida meid?<br><br>\n<\/h2>\t\t\t\t<\/div>\n\t\t\t\t<\/div>\n\t\t\t\t<div class=\"elementor-element elementor-element-05a5abe elementor-widget elementor-widget-text-editor\" data-id=\"05a5abe\" data-element_type=\"widget\" data-widget_type=\"text-editor.default\">\n\t\t\t\t<div class=\"elementor-widget-container\">\n\t\t\t\t\t\t\t\t\t<p>\u2705 <strong data-start=\"2705\" data-end=\"2725\">Kaasaegne tehnika<\/strong> \u2013 t\u00e4pne t\u00f6\u00f6tlemine ja kvaliteetne tulemus.<br data-start=\"2764\" data-end=\"2767\">\u2705 <strong data-start=\"2769\" data-end=\"2796\">Kogenud spetsialistid<\/strong> \u2013 \u00fcle 10 aasta kogemust.<br data-start=\"2826\" data-end=\"2829\">\u2705 <strong data-start=\"2831\" data-end=\"2853\">T\u00f6\u00f6 garantii<\/strong> \u2013 usaldusv\u00e4\u00e4rne kvaliteet.<br data-start=\"2875\" data-end=\"2878\">\u2705 <strong data-start=\"2880\" data-end=\"2899\">Kiire teenus<\/strong> \u2013 alates 24 tunnist.<\/p>\n\t\t\t\t\t\t\t\t<\/div>\n\t\t\t\t<\/div>\n\t\t\t\t\t<\/div>\n\t\t<\/div>\n\t\t\t\t\t<\/div>\n\t\t<\/section>\n\t\t\t\t<\/div>\n\t\t","protected":false},"excerpt":{"rendered":"<p>V\u00e4ntv\u00f5lli peapuuride pindamine Silindripea remont Silindripea lihvimine Ultraheli klapikambrikaane pesu Silindripea remont \u2013 mootori v\u00f5imsuse ja t\u00f6\u00f6kindluse taastamine Silindripea on mootori oluline osa, mille seisund m\u00f5jutab selle j\u00f5udlust. \u00dclekuumenemine, tihendi l\u00e4bip\u00f5lemine, praod v\u00f5i klappide kulumine v\u00f5ivad p\u00f5hjustada v\u00f5imsuse langust, liigset \u00f5likulu ja mootori \u00fclekuumenemist. Meie silindripea remonditeenused sisaldavad: \u2714 Diagnostikat ja kontrolli \u2013 pragude, klappide&#8230;<\/p>\n","protected":false},"author":1,"featured_media":0,"parent":0,"menu_order":0,"comment_status":"closed","ping_status":"closed","template":"","meta":{"footnotes":""},"class_list":["post-5417","page","type-page","status-publish","hentry"],"yoast_head":"<!-- This site is optimized with the Yoast SEO plugin v24.6 - https:\/\/yoast.com\/wordpress\/plugins\/seo\/ -->\n<title>Silindripea remont | Mootori taastamine garantiiga<\/title>\n<meta name=\"description\" content=\"Professionaalne silindripea remont. Diagnostika, freesimine, klappide vahetus ja tihenduse taastamine. Kvaliteedigarantii. Helista kohe!\" \/>\n<meta name=\"robots\" content=\"index, follow, max-snippet:-1, max-image-preview:large, max-video-preview:-1\" \/>\n<link rel=\"canonical\" href=\"https:\/\/motodepo.ee\/et\/silindripea-remont\/\" \/>\n<meta property=\"og:locale\" content=\"et_EE\" \/>\n<meta property=\"og:type\" content=\"article\" \/>\n<meta property=\"og:title\" content=\"Silindripea remont | Mootori taastamine garantiiga\" \/>\n<meta property=\"og:description\" content=\"Professionaalne silindripea remont. Diagnostika, freesimine, klappide vahetus ja tihenduse taastamine. Kvaliteedigarantii. Helista kohe!\" \/>\n<meta property=\"og:url\" content=\"https:\/\/motodepo.ee\/et\/silindripea-remont\/\" \/>\n<meta property=\"og:site_name\" content=\"Motodepo - Mootoripood\" \/>\n<meta property=\"article:modified_time\" content=\"2025-03-14T10:52:17+00:00\" \/>\n<meta name=\"twitter:card\" content=\"summary_large_image\" \/>\n<meta name=\"twitter:label1\" content=\"Est. reading time\" \/>\n\t<meta name=\"twitter:data1\" content=\"1 minut\" \/>\n<script type=\"application\/ld+json\" class=\"yoast-schema-graph\">{\"@context\":\"https:\/\/schema.org\",\"@graph\":[{\"@type\":\"WebPage\",\"@id\":\"https:\/\/motodepo.ee\/et\/silindripea-remont\/\",\"url\":\"https:\/\/motodepo.ee\/et\/silindripea-remont\/\",\"name\":\"Silindripea remont | Mootori taastamine garantiiga\",\"isPartOf\":{\"@id\":\"https:\/\/motodepo.ee\/#website\"},\"datePublished\":\"2025-03-10T15:05:12+00:00\",\"dateModified\":\"2025-03-14T10:52:17+00:00\",\"description\":\"Professionaalne silindripea remont. Diagnostika, freesimine, klappide vahetus ja tihenduse taastamine. Kvaliteedigarantii. Helista kohe!\",\"breadcrumb\":{\"@id\":\"https:\/\/motodepo.ee\/et\/silindripea-remont\/#breadcrumb\"},\"inLanguage\":\"et\",\"potentialAction\":[{\"@type\":\"ReadAction\",\"target\":[\"https:\/\/motodepo.ee\/et\/silindripea-remont\/\"]}]},{\"@type\":\"BreadcrumbList\",\"@id\":\"https:\/\/motodepo.ee\/et\/silindripea-remont\/#breadcrumb\",\"itemListElement\":[{\"@type\":\"ListItem\",\"position\":1,\"name\":\"Home\",\"item\":\"https:\/\/motodepo.ee\/et\/\"},{\"@type\":\"ListItem\",\"position\":2,\"name\":\"Silindripea remont\"}]},{\"@type\":\"WebSite\",\"@id\":\"https:\/\/motodepo.ee\/#website\",\"url\":\"https:\/\/motodepo.ee\/\",\"name\":\"Motodepo - Mootoripood\",\"description\":\"\",\"potentialAction\":[{\"@type\":\"SearchAction\",\"target\":{\"@type\":\"EntryPoint\",\"urlTemplate\":\"https:\/\/motodepo.ee\/?s={search_term_string}\"},\"query-input\":{\"@type\":\"PropertyValueSpecification\",\"valueRequired\":true,\"valueName\":\"search_term_string\"}}],\"inLanguage\":\"et\"}]}<\/script>\n<!-- \/ Yoast SEO plugin. -->","yoast_head_json":{"title":"Silindripea remont | Mootori taastamine garantiiga","description":"Professionaalne silindripea remont. Diagnostika, freesimine, klappide vahetus ja tihenduse taastamine. Kvaliteedigarantii. Helista kohe!","robots":{"index":"index","follow":"follow","max-snippet":"max-snippet:-1","max-image-preview":"max-image-preview:large","max-video-preview":"max-video-preview:-1"},"canonical":"https:\/\/motodepo.ee\/et\/silindripea-remont\/","og_locale":"et_EE","og_type":"article","og_title":"Silindripea remont | Mootori taastamine garantiiga","og_description":"Professionaalne silindripea remont. Diagnostika, freesimine, klappide vahetus ja tihenduse taastamine. Kvaliteedigarantii. Helista kohe!","og_url":"https:\/\/motodepo.ee\/et\/silindripea-remont\/","og_site_name":"Motodepo - Mootoripood","article_modified_time":"2025-03-14T10:52:17+00:00","twitter_card":"summary_large_image","twitter_misc":{"Est. reading time":"1 minut"},"schema":{"@context":"https:\/\/schema.org","@graph":[{"@type":"WebPage","@id":"https:\/\/motodepo.ee\/et\/silindripea-remont\/","url":"https:\/\/motodepo.ee\/et\/silindripea-remont\/","name":"Silindripea remont | Mootori taastamine garantiiga","isPartOf":{"@id":"https:\/\/motodepo.ee\/#website"},"datePublished":"2025-03-10T15:05:12+00:00","dateModified":"2025-03-14T10:52:17+00:00","description":"Professionaalne silindripea remont. Diagnostika, freesimine, klappide vahetus ja tihenduse taastamine. Kvaliteedigarantii. Helista kohe!","breadcrumb":{"@id":"https:\/\/motodepo.ee\/et\/silindripea-remont\/#breadcrumb"},"inLanguage":"et","potentialAction":[{"@type":"ReadAction","target":["https:\/\/motodepo.ee\/et\/silindripea-remont\/"]}]},{"@type":"BreadcrumbList","@id":"https:\/\/motodepo.ee\/et\/silindripea-remont\/#breadcrumb","itemListElement":[{"@type":"ListItem","position":1,"name":"Home","item":"https:\/\/motodepo.ee\/et\/"},{"@type":"ListItem","position":2,"name":"Silindripea remont"}]},{"@type":"WebSite","@id":"https:\/\/motodepo.ee\/#website","url":"https:\/\/motodepo.ee\/","name":"Motodepo - Mootoripood","description":"","potentialAction":[{"@type":"SearchAction","target":{"@type":"EntryPoint","urlTemplate":"https:\/\/motodepo.ee\/?s={search_term_string}"},"query-input":{"@type":"PropertyValueSpecification","valueRequired":true,"valueName":"search_term_string"}}],"inLanguage":"et"}]}},"_links":{"self":[{"href":"https:\/\/motodepo.ee\/et\/wp-json\/wp\/v2\/pages\/5417","targetHints":{"allow":["GET"]}}],"collection":[{"href":"https:\/\/motodepo.ee\/et\/wp-json\/wp\/v2\/pages"}],"about":[{"href":"https:\/\/motodepo.ee\/et\/wp-json\/wp\/v2\/types\/page"}],"author":[{"embeddable":true,"href":"https:\/\/motodepo.ee\/et\/wp-json\/wp\/v2\/users\/1"}],"replies":[{"embeddable":true,"href":"https:\/\/motodepo.ee\/et\/wp-json\/wp\/v2\/comments?post=5417"}],"version-history":[{"count":0,"href":"https:\/\/motodepo.ee\/et\/wp-json\/wp\/v2\/pages\/5417\/revisions"}],"wp:attachment":[{"href":"https:\/\/motodepo.ee\/et\/wp-json\/wp\/v2\/media?parent=5417"}],"curies":[{"name":"wp","href":"https:\/\/api.w.org\/{rel}","templated":true}]}}