{"id":5411,"date":"2025-03-10T14:51:09","date_gmt":"2025-03-10T14:51:09","guid":{"rendered":"https:\/\/motodepo.ee\/service-1\/"},"modified":"2025-03-14T10:56:29","modified_gmt":"2025-03-14T10:56:29","slug":"vantvolli-pindamine","status":"publish","type":"page","link":"https:\/\/motodepo.ee\/et\/vantvolli-pindamine\/","title":{"rendered":"V\u00e4ntv\u00f5lli peapuuride pindamine"},"content":{"rendered":"\t\t<div data-elementor-type=\"wp-page\" data-elementor-id=\"5411\" class=\"elementor elementor-5411 elementor-5276\" data-elementor-post-type=\"page\">\n\t\t\t\t\t\t<section class=\"elementor-section elementor-top-section elementor-element elementor-element-a19628f elementor-section-boxed elementor-section-height-default elementor-section-height-default\" data-id=\"a19628f\" data-element_type=\"section\">\n\t\t\t\t\t\t<div class=\"elementor-container elementor-column-gap-default\">\n\t\t\t\t\t<div class=\"elementor-column elementor-col-33 elementor-top-column elementor-element elementor-element-467bad6 services_sidebar\" data-id=\"467bad6\" data-element_type=\"column\">\n\t\t\t<div class=\"elementor-widget-wrap elementor-element-populated\">\n\t\t\t\t\t\t<div class=\"elementor-element elementor-element-9dfefdc elementor-align-justify elementor-widget elementor-widget-button\" data-id=\"9dfefdc\" data-element_type=\"widget\" data-widget_type=\"button.default\">\n\t\t\t\t<div class=\"elementor-widget-container\">\n\t\t\t\t\t\t\t\t\t<div class=\"elementor-button-wrapper\">\n\t\t\t\t\t<a class=\"elementor-button elementor-button-link elementor-size-sm\" href=\"\/et\/vantvolli-pindamine\/\">\n\t\t\t\t\t\t<span class=\"elementor-button-content-wrapper\">\n\t\t\t\t\t\t\t\t\t<span class=\"elementor-button-text\">V\u00e4ntv\u00f5lli peapuuride pindamine<\/span>\n\t\t\t\t\t<\/span>\n\t\t\t\t\t<\/a>\n\t\t\t\t<\/div>\n\t\t\t\t\t\t\t\t<\/div>\n\t\t\t\t<\/div>\n\t\t\t\t<div class=\"elementor-element elementor-element-08a5c93 elementor-align-justify elementor-widget elementor-widget-button\" data-id=\"08a5c93\" data-element_type=\"widget\" data-widget_type=\"button.default\">\n\t\t\t\t<div class=\"elementor-widget-container\">\n\t\t\t\t\t\t\t\t\t<div class=\"elementor-button-wrapper\">\n\t\t\t\t\t<a class=\"elementor-button elementor-button-link elementor-size-sm\" href=\"\/et\/silindripea-remont\/\">\n\t\t\t\t\t\t<span class=\"elementor-button-content-wrapper\">\n\t\t\t\t\t\t\t\t\t<span class=\"elementor-button-text\">Silindripea remont<\/span>\n\t\t\t\t\t<\/span>\n\t\t\t\t\t<\/a>\n\t\t\t\t<\/div>\n\t\t\t\t\t\t\t\t<\/div>\n\t\t\t\t<\/div>\n\t\t\t\t<div class=\"elementor-element elementor-element-8415725 elementor-align-justify elementor-widget elementor-widget-button\" data-id=\"8415725\" data-element_type=\"widget\" data-widget_type=\"button.default\">\n\t\t\t\t<div class=\"elementor-widget-container\">\n\t\t\t\t\t\t\t\t\t<div class=\"elementor-button-wrapper\">\n\t\t\t\t\t<a class=\"elementor-button elementor-button-link elementor-size-sm\" href=\"\/et\/silindripea-lihvimine\/\">\n\t\t\t\t\t\t<span class=\"elementor-button-content-wrapper\">\n\t\t\t\t\t\t\t\t\t<span class=\"elementor-button-text\">Silindripea lihvimine<\/span>\n\t\t\t\t\t<\/span>\n\t\t\t\t\t<\/a>\n\t\t\t\t<\/div>\n\t\t\t\t\t\t\t\t<\/div>\n\t\t\t\t<\/div>\n\t\t\t\t<div class=\"elementor-element elementor-element-8145882 elementor-align-justify elementor-widget elementor-widget-button\" data-id=\"8145882\" data-element_type=\"widget\" data-widget_type=\"button.default\">\n\t\t\t\t<div class=\"elementor-widget-container\">\n\t\t\t\t\t\t\t\t\t<div class=\"elementor-button-wrapper\">\n\t\t\t\t\t<a class=\"elementor-button elementor-button-link elementor-size-sm\" href=\"\/et\/ultraheli-klapikambrikaane-pesu\/\">\n\t\t\t\t\t\t<span class=\"elementor-button-content-wrapper\">\n\t\t\t\t\t\t\t\t\t<span class=\"elementor-button-text\">Ultraheli klapikambrikaane pesu<\/span>\n\t\t\t\t\t<\/span>\n\t\t\t\t\t<\/a>\n\t\t\t\t<\/div>\n\t\t\t\t\t\t\t\t<\/div>\n\t\t\t\t<\/div>\n\t\t\t\t\t<\/div>\n\t\t<\/div>\n\t\t\t\t<div class=\"elementor-column elementor-col-66 elementor-top-column elementor-element elementor-element-c735c82\" data-id=\"c735c82\" data-element_type=\"column\">\n\t\t\t<div class=\"elementor-widget-wrap elementor-element-populated\">\n\t\t\t\t\t\t<div class=\"elementor-element elementor-element-f367197 elementor-widget elementor-widget-heading\" data-id=\"f367197\" data-element_type=\"widget\" data-widget_type=\"heading.default\">\n\t\t\t\t<div class=\"elementor-widget-container\">\n\t\t\t\t\t<h2 class=\"elementor-heading-title elementor-size-default\">V\u00e4ntv\u00f5lli peapuuride pindamine - mootori t\u00e4psuse ja pikaealisuse taastamine<\/h2>\t\t\t\t<\/div>\n\t\t\t\t<\/div>\n\t\t\t\t<div class=\"elementor-element elementor-element-a035345 elementor-widget elementor-widget-image\" data-id=\"a035345\" data-element_type=\"widget\" data-widget_type=\"image.default\">\n\t\t\t\t<div class=\"elementor-widget-container\">\n\t\t\t\t\t\t\t\t\t\t\t\t\t\t\t<img fetchpriority=\"high\" decoding=\"async\" width=\"1170\" height=\"780\" src=\"https:\/\/motodepo.ee\/wp-content\/uploads\/2025\/02\/banner-2-1170x780.jpg\" class=\"attachment-large size-large wp-image-5117\" alt=\"\" srcset=\"https:\/\/motodepo.ee\/wp-content\/uploads\/2025\/02\/banner-2-1170x780.jpg 1170w, https:\/\/motodepo.ee\/wp-content\/uploads\/2025\/02\/banner-2-400x267.jpg 400w, https:\/\/motodepo.ee\/wp-content\/uploads\/2025\/02\/banner-2-768x512.jpg 768w, https:\/\/motodepo.ee\/wp-content\/uploads\/2025\/02\/banner-2-1536x1024.jpg 1536w, https:\/\/motodepo.ee\/wp-content\/uploads\/2025\/02\/banner-2-1920x1280.jpg 1920w, https:\/\/motodepo.ee\/wp-content\/uploads\/2025\/02\/banner-2-234x156.jpg 234w, https:\/\/motodepo.ee\/wp-content\/uploads\/2025\/02\/banner-2-500x333.jpg 500w, https:\/\/motodepo.ee\/wp-content\/uploads\/2025\/02\/banner-2.jpg 2000w\" sizes=\"(max-width: 1170px) 100vw, 1170px\" \/>\t\t\t\t\t\t\t\t\t\t\t\t\t\t\t<\/div>\n\t\t\t\t<\/div>\n\t\t\t\t<div class=\"elementor-element elementor-element-e15d2a2 elementor-widget elementor-widget-heading\" data-id=\"e15d2a2\" data-element_type=\"widget\" data-widget_type=\"heading.default\">\n\t\t\t\t<div class=\"elementor-widget-container\">\n\t\t\t\t\t<h2 class=\"elementor-heading-title elementor-size-default\">Meie kurvlitsa peapuuride pindamise teenused h\u00f5lmavad j\u00e4rgmist:<\/h2>\t\t\t\t<\/div>\n\t\t\t\t<\/div>\n\t\t\t\t<div class=\"elementor-element elementor-element-62dc49a elementor-widget elementor-widget-text-editor\" data-id=\"62dc49a\" data-element_type=\"widget\" data-widget_type=\"text-editor.default\">\n\t\t\t\t<div class=\"elementor-widget-container\">\n\t\t\t\t\t\t\t\t\t<p>\u2714 <strong data-start=\"461\" data-end=\"481\">Kulumisdiagnostika<\/strong> t\u00e4psete m\u00f5\u00f5teriistade abil.<br data-start=\"518\" data-end=\"521\">\u2714 <strong data-start=\"523\" data-end=\"553\">Laagripaelte mehaaniline t\u00f6\u00f6tlemine<\/strong> vastavalt tehase spetsifikatsioonidele.<br data-start=\"580\" data-end=\"583\">\u2714 <strong data-start=\"585\" data-end=\"611\">Lihvimine ja viimistlemine<\/strong> t\u00e4iusliku m\u00f5\u00f5tmete t\u00e4psuse saavutamiseks.<br data-start=\"645\" data-end=\"648\">\u2714 <strong data-start=\"650\" data-end=\"678\">Suure t\u00e4psusega seadmed<\/strong>, mis tagavad t\u00f6\u00f6kindluse.<br data-start=\"700\" data-end=\"703\">\u2714 <strong data-start=\"705\" data-end=\"730\">L\u00f5plik kvaliteedikontroll<\/strong> t\u00e4psete m\u00f5\u00f5tmistega enne uuesti kokkupanekut.<\/p>\n\t\t\t\t\t\t\t\t<\/div>\n\t\t\t\t<\/div>\n\t\t\t\t<div class=\"elementor-element elementor-element-362a5e5 elementor-widget elementor-widget-heading\" data-id=\"362a5e5\" data-element_type=\"widget\" data-widget_type=\"heading.default\">\n\t\t\t\t<div class=\"elementor-widget-container\">\n\t\t\t\t\t<h2 class=\"elementor-heading-title elementor-size-default\">Millal on vaja kurbliharu peapuuride uuendamist?\n<\/h2>\t\t\t\t<\/div>\n\t\t\t\t<\/div>\n\t\t\t\t<div class=\"elementor-element elementor-element-73b59ca elementor-widget elementor-widget-text-editor\" data-id=\"73b59ca\" data-element_type=\"widget\" data-widget_type=\"text-editor.default\">\n\t\t\t\t<div class=\"elementor-widget-container\">\n\t\t\t\t\t\t\t\t\t<p>\u2714 Kui ilmnevad vibratsioonid ja ebatavaline mootorim\u00fcra.<br data-start=\"891\" data-end=\"894\">\u2714 Kui tuvastatakse p\u00f5hilaagrite liigne kulumine.<br data-start=\"949\" data-end=\"952\">\u2714 mootori t\u00e4ieliku kapitaalremondi ajal koos v\u00e4ntv\u00f5lli vahetusega.<br data-start=\"1014\" data-end=\"1017\">\u2714 Kui mootoriplokk on deformeerunud v\u00f5i valesti paigutatud.<\/p>\n\t\t\t\t\t\t\t\t<\/div>\n\t\t\t\t<\/div>\n\t\t\t\t<div class=\"elementor-element elementor-element-8ae2d36 elementor-widget elementor-widget-heading\" data-id=\"8ae2d36\" data-element_type=\"widget\" data-widget_type=\"heading.default\">\n\t\t\t\t<div class=\"elementor-widget-container\">\n\t\t\t\t\t<h2 class=\"elementor-heading-title elementor-size-default\">Miks valida meid?\n<\/h2>\t\t\t\t<\/div>\n\t\t\t\t<\/div>\n\t\t\t\t<div class=\"elementor-element elementor-element-3fa1571 elementor-widget elementor-widget-text-editor\" data-id=\"3fa1571\" data-element_type=\"widget\" data-widget_type=\"text-editor.default\">\n\t\t\t\t<div class=\"elementor-widget-container\">\n\t\t\t\t\t\t\t\t\t<p>\u2705 <strong data-start=\"1098\" data-end=\"1126\">Suure t\u00e4psusega seadmed<\/strong> &#8211; minimaalsed tolerantsid p\u00e4rast t\u00f6\u00f6tlemist.<br data-start=\"1164\" data-end=\"1167\">\u2705 <strong data-start=\"1169\" data-end=\"1196\">Kogenud spetsialistid<\/strong> &#8211; \u00fcle 10 aasta mootorite \u00fcmberehituses.<br data-start=\"1234\" data-end=\"1237\">\u2705 <strong data-start=\"1239\" data-end=\"1266\">Garanteeritud kvaliteetne t\u00f6\u00f6<\/strong> &#8211; kliendi poolt heaks kiidetud teenus.<br data-start=\"1295\" data-end=\"1298\">\u2705 <strong data-start=\"1300\" data-end=\"1319\">Kiire valmidus<\/strong> &#8211; alates 24 tunnist.<\/p>\n\t\t\t\t\t\t\t\t<\/div>\n\t\t\t\t<\/div>\n\t\t\t\t\t<\/div>\n\t\t<\/div>\n\t\t\t\t\t<\/div>\n\t\t<\/section>\n\t\t\t\t<\/div>\n\t\t","protected":false},"excerpt":{"rendered":"<p>V\u00e4ntv\u00f5lli peapuuride pindamine Silindripea remont Silindripea lihvimine Ultraheli klapikambrikaane pesu V\u00e4ntv\u00f5lli peapuuride pindamine &#8211; mootori t\u00e4psuse ja pikaealisuse taastamine Meie kurvlitsa peapuuride pindamise teenused h\u00f5lmavad j\u00e4rgmist: \u2714 Kulumisdiagnostika t\u00e4psete m\u00f5\u00f5teriistade abil.\u2714 Laagripaelte mehaaniline t\u00f6\u00f6tlemine vastavalt tehase spetsifikatsioonidele.\u2714 Lihvimine ja viimistlemine t\u00e4iusliku m\u00f5\u00f5tmete t\u00e4psuse saavutamiseks.\u2714 Suure t\u00e4psusega seadmed, mis tagavad t\u00f6\u00f6kindluse.\u2714 L\u00f5plik kvaliteedikontroll t\u00e4psete m\u00f5\u00f5tmistega enne&#8230;<\/p>\n","protected":false},"author":1,"featured_media":0,"parent":0,"menu_order":0,"comment_status":"closed","ping_status":"closed","template":"","meta":{"footnotes":""},"class_list":["post-5411","page","type-page","status-publish","hentry"],"yoast_head":"<!-- This site is optimized with the Yoast SEO plugin v24.6 - https:\/\/yoast.com\/wordpress\/plugins\/seo\/ -->\n<title>V\u00e4ntv\u00f5lli peapuuride pindamine | Mootori restaureerimisteenused<\/title>\n<meta name=\"description\" content=\"V\u00e4ntv\u00f5lli peapuuraugu \u00fcmbert\u00f6\u00f6tlemine taastab mootori t\u00e4psuse ja pikaealisuse. Suure t\u00e4psusega mehaaniline t\u00f6\u00f6tlemine, kvaliteedikontroll ja tagatud t\u00f6\u00f6kindlus. Lisateave!\" \/>\n<meta name=\"robots\" content=\"index, follow, max-snippet:-1, max-image-preview:large, max-video-preview:-1\" \/>\n<link rel=\"canonical\" href=\"https:\/\/motodepo.ee\/et\/vantvolli-pindamine\/\" \/>\n<meta property=\"og:locale\" content=\"et_EE\" \/>\n<meta property=\"og:type\" content=\"article\" \/>\n<meta property=\"og:title\" content=\"V\u00e4ntv\u00f5lli peapuuride pindamine | Mootori restaureerimisteenused\" \/>\n<meta property=\"og:description\" content=\"V\u00e4ntv\u00f5lli peapuuraugu \u00fcmbert\u00f6\u00f6tlemine taastab mootori t\u00e4psuse ja pikaealisuse. Suure t\u00e4psusega mehaaniline t\u00f6\u00f6tlemine, kvaliteedikontroll ja tagatud t\u00f6\u00f6kindlus. Lisateave!\" \/>\n<meta property=\"og:url\" content=\"https:\/\/motodepo.ee\/et\/vantvolli-pindamine\/\" \/>\n<meta property=\"og:site_name\" content=\"Motodepo - Mootoripood\" \/>\n<meta property=\"article:modified_time\" content=\"2025-03-14T10:56:29+00:00\" \/>\n<meta name=\"twitter:card\" content=\"summary_large_image\" \/>\n<meta name=\"twitter:label1\" content=\"Est. reading time\" \/>\n\t<meta name=\"twitter:data1\" content=\"1 minut\" \/>\n<script type=\"application\/ld+json\" class=\"yoast-schema-graph\">{\"@context\":\"https:\/\/schema.org\",\"@graph\":[{\"@type\":\"WebPage\",\"@id\":\"https:\/\/motodepo.ee\/et\/vantvolli-pindamine\/\",\"url\":\"https:\/\/motodepo.ee\/et\/vantvolli-pindamine\/\",\"name\":\"V\u00e4ntv\u00f5lli peapuuride pindamine | Mootori restaureerimisteenused\",\"isPartOf\":{\"@id\":\"https:\/\/motodepo.ee\/#website\"},\"datePublished\":\"2025-03-10T14:51:09+00:00\",\"dateModified\":\"2025-03-14T10:56:29+00:00\",\"description\":\"V\u00e4ntv\u00f5lli peapuuraugu \u00fcmbert\u00f6\u00f6tlemine taastab mootori t\u00e4psuse ja pikaealisuse. Suure t\u00e4psusega mehaaniline t\u00f6\u00f6tlemine, kvaliteedikontroll ja tagatud t\u00f6\u00f6kindlus. Lisateave!\",\"breadcrumb\":{\"@id\":\"https:\/\/motodepo.ee\/et\/vantvolli-pindamine\/#breadcrumb\"},\"inLanguage\":\"et\",\"potentialAction\":[{\"@type\":\"ReadAction\",\"target\":[\"https:\/\/motodepo.ee\/et\/vantvolli-pindamine\/\"]}]},{\"@type\":\"BreadcrumbList\",\"@id\":\"https:\/\/motodepo.ee\/et\/vantvolli-pindamine\/#breadcrumb\",\"itemListElement\":[{\"@type\":\"ListItem\",\"position\":1,\"name\":\"Home\",\"item\":\"https:\/\/motodepo.ee\/et\/\"},{\"@type\":\"ListItem\",\"position\":2,\"name\":\"V\u00e4ntv\u00f5lli peapuuride pindamine\"}]},{\"@type\":\"WebSite\",\"@id\":\"https:\/\/motodepo.ee\/#website\",\"url\":\"https:\/\/motodepo.ee\/\",\"name\":\"Motodepo - Mootoripood\",\"description\":\"\",\"potentialAction\":[{\"@type\":\"SearchAction\",\"target\":{\"@type\":\"EntryPoint\",\"urlTemplate\":\"https:\/\/motodepo.ee\/?s={search_term_string}\"},\"query-input\":{\"@type\":\"PropertyValueSpecification\",\"valueRequired\":true,\"valueName\":\"search_term_string\"}}],\"inLanguage\":\"et\"}]}<\/script>\n<!-- \/ Yoast SEO plugin. -->","yoast_head_json":{"title":"V\u00e4ntv\u00f5lli peapuuride pindamine | Mootori restaureerimisteenused","description":"V\u00e4ntv\u00f5lli peapuuraugu \u00fcmbert\u00f6\u00f6tlemine taastab mootori t\u00e4psuse ja pikaealisuse. Suure t\u00e4psusega mehaaniline t\u00f6\u00f6tlemine, kvaliteedikontroll ja tagatud t\u00f6\u00f6kindlus. Lisateave!","robots":{"index":"index","follow":"follow","max-snippet":"max-snippet:-1","max-image-preview":"max-image-preview:large","max-video-preview":"max-video-preview:-1"},"canonical":"https:\/\/motodepo.ee\/et\/vantvolli-pindamine\/","og_locale":"et_EE","og_type":"article","og_title":"V\u00e4ntv\u00f5lli peapuuride pindamine | Mootori restaureerimisteenused","og_description":"V\u00e4ntv\u00f5lli peapuuraugu \u00fcmbert\u00f6\u00f6tlemine taastab mootori t\u00e4psuse ja pikaealisuse. Suure t\u00e4psusega mehaaniline t\u00f6\u00f6tlemine, kvaliteedikontroll ja tagatud t\u00f6\u00f6kindlus. Lisateave!","og_url":"https:\/\/motodepo.ee\/et\/vantvolli-pindamine\/","og_site_name":"Motodepo - Mootoripood","article_modified_time":"2025-03-14T10:56:29+00:00","twitter_card":"summary_large_image","twitter_misc":{"Est. reading time":"1 minut"},"schema":{"@context":"https:\/\/schema.org","@graph":[{"@type":"WebPage","@id":"https:\/\/motodepo.ee\/et\/vantvolli-pindamine\/","url":"https:\/\/motodepo.ee\/et\/vantvolli-pindamine\/","name":"V\u00e4ntv\u00f5lli peapuuride pindamine | Mootori restaureerimisteenused","isPartOf":{"@id":"https:\/\/motodepo.ee\/#website"},"datePublished":"2025-03-10T14:51:09+00:00","dateModified":"2025-03-14T10:56:29+00:00","description":"V\u00e4ntv\u00f5lli peapuuraugu \u00fcmbert\u00f6\u00f6tlemine taastab mootori t\u00e4psuse ja pikaealisuse. Suure t\u00e4psusega mehaaniline t\u00f6\u00f6tlemine, kvaliteedikontroll ja tagatud t\u00f6\u00f6kindlus. Lisateave!","breadcrumb":{"@id":"https:\/\/motodepo.ee\/et\/vantvolli-pindamine\/#breadcrumb"},"inLanguage":"et","potentialAction":[{"@type":"ReadAction","target":["https:\/\/motodepo.ee\/et\/vantvolli-pindamine\/"]}]},{"@type":"BreadcrumbList","@id":"https:\/\/motodepo.ee\/et\/vantvolli-pindamine\/#breadcrumb","itemListElement":[{"@type":"ListItem","position":1,"name":"Home","item":"https:\/\/motodepo.ee\/et\/"},{"@type":"ListItem","position":2,"name":"V\u00e4ntv\u00f5lli peapuuride pindamine"}]},{"@type":"WebSite","@id":"https:\/\/motodepo.ee\/#website","url":"https:\/\/motodepo.ee\/","name":"Motodepo - Mootoripood","description":"","potentialAction":[{"@type":"SearchAction","target":{"@type":"EntryPoint","urlTemplate":"https:\/\/motodepo.ee\/?s={search_term_string}"},"query-input":{"@type":"PropertyValueSpecification","valueRequired":true,"valueName":"search_term_string"}}],"inLanguage":"et"}]}},"_links":{"self":[{"href":"https:\/\/motodepo.ee\/et\/wp-json\/wp\/v2\/pages\/5411","targetHints":{"allow":["GET"]}}],"collection":[{"href":"https:\/\/motodepo.ee\/et\/wp-json\/wp\/v2\/pages"}],"about":[{"href":"https:\/\/motodepo.ee\/et\/wp-json\/wp\/v2\/types\/page"}],"author":[{"embeddable":true,"href":"https:\/\/motodepo.ee\/et\/wp-json\/wp\/v2\/users\/1"}],"replies":[{"embeddable":true,"href":"https:\/\/motodepo.ee\/et\/wp-json\/wp\/v2\/comments?post=5411"}],"version-history":[{"count":0,"href":"https:\/\/motodepo.ee\/et\/wp-json\/wp\/v2\/pages\/5411\/revisions"}],"wp:attachment":[{"href":"https:\/\/motodepo.ee\/et\/wp-json\/wp\/v2\/media?parent=5411"}],"curies":[{"name":"wp","href":"https:\/\/api.w.org\/{rel}","templated":true}]}}